{"id":150982,"date":"2026-04-21T15:50:48","date_gmt":"2026-04-21T15:50:48","guid":{"rendered":"https:\/\/huntermeetshunter.com\/?post_type=product&#038;p=150982"},"modified":"2026-04-21T15:50:48","modified_gmt":"2026-04-21T15:50:48","slug":"roe-deer-in-spanish-pirinees","status":"publish","type":"product","link":"https:\/\/huntermeetshunter.com\/en\/produkt\/roe-deer-in-spanish-pirinees\/","title":{"rendered":"Roe Deer in Spanish Pirinees"},"content":{"rendered":"<p>Gran oportunidad de cazar fant\u00e1sticos corzos en Espa\u00f1a al mejor precio garantizado.<br \/>\nTambi\u00e9n me interesar\u00eda intercambiarlo por otras experiencias de caza por todo el mundo.<\/p>\n","protected":false},"excerpt":{"rendered":"<p>Gran oportunidad de cazar fant\u00e1sticos corzos en Espa\u00f1a al mejor precio garantizado. Tambi\u00e9n me interesar\u00eda intercambiarlo por otras experiencias de caza por todo el mundo.<\/p>\n","protected":false},"featured_media":150981,"template":"","meta":{"_acf_changed":false,"_themeisle_gutenberg_block_has_review":false},"product_brand":[],"product_cat":[533],"product_tag":[],"class_list":{"0":"post-150982","1":"product","2":"type-product","3":"status-publish","4":"has-post-thumbnail","6":"product_cat-sell","8":"first","9":"outofstock","10":"taxable","11":"shipping-taxable","12":"purchasable","13":"product-type-simple"},"acf":[],"_links":{"self":[{"href":"https:\/\/huntermeetshunter.com\/en\/wp-json\/wp\/v2\/product\/150982","targetHints":{"allow":["GET"]}}],"collection":[{"href":"https:\/\/huntermeetshunter.com\/en\/wp-json\/wp\/v2\/product"}],"about":[{"href":"https:\/\/huntermeetshunter.com\/en\/wp-json\/wp\/v2\/types\/product"}],"wp:featuredmedia":[{"embeddable":true,"href":"https:\/\/huntermeetshunter.com\/en\/wp-json\/wp\/v2\/media\/150981"}],"wp:attachment":[{"href":"https:\/\/huntermeetshunter.com\/en\/wp-json\/wp\/v2\/media?parent=150982"}],"wp:term":[{"taxonomy":"product_brand","embeddable":true,"href":"https:\/\/huntermeetshunter.com\/en\/wp-json\/wp\/v2\/product_brand?post=150982"},{"taxonomy":"product_cat","embeddable":true,"href":"https:\/\/huntermeetshunter.com\/en\/wp-json\/wp\/v2\/product_cat?post=150982"},{"taxonomy":"product_tag","embeddable":true,"href":"https:\/\/huntermeetshunter.com\/en\/wp-json\/wp\/v2\/product_tag?post=150982"}],"curies":[{"name":"wp","href":"https:\/\/api.w.org\/{rel}","templated":true}]}}