{"id":37724,"date":"2017-07-19T10:37:00","date_gmt":"2017-07-19T10:37:00","guid":{"rendered":"https:\/\/huntermeetshunter.com\/?post_type=product&#038;p=37724"},"modified":"2024-04-23T13:43:46","modified_gmt":"2024-04-23T13:43:46","slug":"mahnenschaf-alicante","status":"publish","type":"product","link":"https:\/\/huntermeetshunter.com\/en\/produkt\/mahnenschaf-alicante\/","title":{"rendered":"M\u00c4HNENSCHAF &#8211; Alicante"},"content":{"rendered":"<p>Wir jagen im Gebirge von Serra Gelada nahe Benidorm, im Osten von Alicante. Sie fliegen nach Madrid\/Alicante und fahren dann mit einem Guide, der auch Englisch spricht, zu unserem sehr gem\u00fctlichen Hotel, nicht weit vom Revier. Die Bergjagd erfolgt nur in freier Wildbahn.<br \/>\nIm Preis inbegriffen:<br \/>\n2 Jagdtage &#8211; 3 N\u00e4chte<br \/>\n1 M\u00e4hnenschaf ohne Troph\u00e4enlimit<br \/>\nTransporte von\/nach Madrid\/Alicante<br \/>\nJagdbegleitung 1:1<br \/>\nVollpension<br \/>\nJagdlizenz mit Versicherung<br \/>\nTransport im Revier<\/p>\n","protected":false},"excerpt":{"rendered":"<p>Wir jagen im Gebirge von Serra Gelada nahe Benidorm, im Osten von Alicante. Sie fliegen nach Madrid\/Alicante und fahren dann mit einem Guide, der auch Englisch spricht, zu unserem sehr gem\u00fctlichen Hotel, nicht weit vom Revier. Die Bergjagd erfolgt nur in freier Wildbahn. Im Preis inbegriffen: 2 Jagdtage &#8211; 3 N\u00e4chte 1 M\u00e4hnenschaf ohne Troph\u00e4enlimit [&hellip;]<\/p>\n","protected":false},"featured_media":56715,"template":"","meta":{"_acf_changed":false,"_themeisle_gutenberg_block_has_review":false},"product_brand":[],"product_cat":[533],"product_tag":[],"class_list":{"0":"post-37724","1":"product","2":"type-product","3":"status-publish","4":"has-post-thumbnail","6":"product_cat-sell","8":"first","9":"outofstock","10":"taxable","11":"shipping-taxable","12":"purchasable","13":"product-type-simple"},"acf":[],"_links":{"self":[{"href":"https:\/\/huntermeetshunter.com\/en\/wp-json\/wp\/v2\/product\/37724","targetHints":{"allow":["GET"]}}],"collection":[{"href":"https:\/\/huntermeetshunter.com\/en\/wp-json\/wp\/v2\/product"}],"about":[{"href":"https:\/\/huntermeetshunter.com\/en\/wp-json\/wp\/v2\/types\/product"}],"wp:featuredmedia":[{"embeddable":true,"href":"https:\/\/huntermeetshunter.com\/en\/wp-json\/wp\/v2\/media\/56715"}],"wp:attachment":[{"href":"https:\/\/huntermeetshunter.com\/en\/wp-json\/wp\/v2\/media?parent=37724"}],"wp:term":[{"taxonomy":"product_brand","embeddable":true,"href":"https:\/\/huntermeetshunter.com\/en\/wp-json\/wp\/v2\/product_brand?post=37724"},{"taxonomy":"product_cat","embeddable":true,"href":"https:\/\/huntermeetshunter.com\/en\/wp-json\/wp\/v2\/product_cat?post=37724"},{"taxonomy":"product_tag","embeddable":true,"href":"https:\/\/huntermeetshunter.com\/en\/wp-json\/wp\/v2\/product_tag?post=37724"}],"curies":[{"name":"wp","href":"https:\/\/api.w.org\/{rel}","templated":true}]}}