{"id":38365,"date":"2017-08-28T21:18:58","date_gmt":"2017-08-28T21:18:58","guid":{"rendered":"https:\/\/huntermeetshunter.com\/?post_type=product&#038;p=38365"},"modified":"2023-02-21T04:00:17","modified_gmt":"2023-02-21T04:00:17","slug":"texas-helicopter-pig-hunting-silver-package","status":"publish","type":"product","link":"https:\/\/huntermeetshunter.com\/en\/produkt\/texas-helicopter-pig-hunting-silver-package\/","title":{"rendered":"Texas Helikopter Wildschwein Jagd &#8211; Silber Paket"},"content":{"rendered":"<p>Wenn Sie auf der Suche nach hoher Qualit\u00e4t und pers\u00f6nlichem Service sind, sind Sie bei uns an der richtigen Stelle. Bei Texas Helicopter Pig Hunting geben wir Ihnen die Aufmerksamkeit und pers\u00f6nlichen Service, den Sie erwarten und genie\u00dfen.<br \/>\nWir bieten die besten Helikopter-Schweinejagden an. Unsere Preise sind wettbewerbsf\u00e4hig, ohne versteckte Geb\u00fchren. Unsere Mitarbeiter sind freundlich und werden dort sein, um Ihnen bei jedem Schritt  zu helfen.<br \/>\nTexas Helicopter Pig Hunting hat \u00fcber 1,5 Millionen Hektar privates Texas Land mit Ranches im ganzen Land, f\u00fcr bestes Kundenservice. Lassen Sie uns unsere Erfahrung f\u00fcr Sie arbeiten.<br \/>\nWir bieten die besten Helicopter Hog Hunting in Texas, mit vielen Helikopter zur Auswahl, mehr Land zu jagen, und wir haben immer Schweine zum Jagen! Wir bieten Ihnen einen Charter Service an, um unseren J\u00e4gern mit Logistik zu helfen, damit Sie sich keine Sorgen machen m\u00fcssen, wenn Sie zu und von Ihrer Hog Hunt kommen.<br \/>\n26 Jahre im Jagdgesch\u00e4ft! Wir sind das einzige VOLL- Zeit Helicopter Wildschwein Jagd Business in den USA. Buchen Sie Ihre Helicopter Hog Hunt heute mit Vertrauen, dass jedes Detail mit M\u00fche gemacht wird, um Ihre Schweinejagd zu einem Erfolg zu machen.<br \/>\nSilberpaket<br \/>\n\u2022 4 G\u00e4ste<br \/>\n\u2022 4 Stunden Flugzeit<br \/>\n\u2022 Robinson R-44 Hubschrauber<br \/>\n\u2022 $ 1975.00 pro Gast<br \/>\nErg\u00e4nzen Sie Unterkunft &amp; Verpflegung:<br \/>\n$ 350,00 pro Gast pro Nacht<br \/>\nEnth\u00e4lt folgendes:<br \/>\n\u2022 Hubschrauberorientierung<br \/>\n\u2022Unterkunft<br \/>\n\u2022Mahlzeiten<br \/>\n\u2022 Bodensicherheitskurs<br \/>\n\u2022 Schusswaffenvermietung<br \/>\n\u2022Munition<br \/>\n\u2022 Ranch-Touren<br \/>\n\u2022 Skeet \/ trap<br \/>\n\u2022 Vollzeitkoch<br \/>\n\u2022 Vollzeitpiloten<br \/>\n\u2022 Vollzeitmitarbeiter<br \/>\n\u2022 Privatkabinen<br \/>\n\u2022 2500sq ft Pavillon<br \/>\n\u2022 1. Klasse Unterkunft<br \/>\n\u00a0<br \/>\nWeitere Pakete:<br \/>\nPlatin-Paket<br \/>\n\u2022 8 G\u00e4ste<br \/>\n\u2022 8 Stunden Flugzeit<br \/>\n\u2022 2 Robinson R-44 Hubschrauber<br \/>\n\u2022 $ 1975.00 pro Gast<br \/>\nGoldpaket<br \/>\n\u2022 6 G\u00e4ste<br \/>\n\u2022 6 Stunden Flugzeit<br \/>\n\u2022 Robinson R-44 Hubschrauber<br \/>\n\u2022 $ 1975.00 pro Gast<br \/>\nWir k\u00f6nnen bis zu 24 G\u00e4ste pro Jagd unterbringen. Diese Pakete sind unsere am h\u00e4ufigsten angeforderten so kontaktieren Sie uns f\u00fcr die Preisgestaltung f\u00fcr gr\u00f6\u00dfere Jagdgruppen.<\/p>\n","protected":false},"excerpt":{"rendered":"<p>Wenn Sie auf der Suche nach hoher Qualit\u00e4t und pers\u00f6nlichem Service sind, sind Sie bei uns an der richtigen Stelle. Bei Texas Helicopter Pig Hunting geben wir Ihnen die Aufmerksamkeit und pers\u00f6nlichen Service, den Sie erwarten und genie\u00dfen. Wir bieten die besten Helikopter-Schweinejagden an. Unsere Preise sind wettbewerbsf\u00e4hig, ohne versteckte Geb\u00fchren. Unsere Mitarbeiter sind freundlich [&hellip;]<\/p>\n","protected":false},"featured_media":56904,"template":"","meta":{"_acf_changed":false,"_themeisle_gutenberg_block_has_review":false},"product_brand":[],"product_cat":[31],"product_tag":[],"class_list":{"0":"post-38365","1":"product","2":"type-product","3":"status-publish","4":"has-post-thumbnail","6":"product_cat-verkaufen","8":"first","9":"outofstock","10":"taxable","11":"shipping-taxable","12":"purchasable","13":"product-type-simple"},"acf":[],"_links":{"self":[{"href":"https:\/\/huntermeetshunter.com\/en\/wp-json\/wp\/v2\/product\/38365","targetHints":{"allow":["GET"]}}],"collection":[{"href":"https:\/\/huntermeetshunter.com\/en\/wp-json\/wp\/v2\/product"}],"about":[{"href":"https:\/\/huntermeetshunter.com\/en\/wp-json\/wp\/v2\/types\/product"}],"wp:featuredmedia":[{"embeddable":true,"href":"https:\/\/huntermeetshunter.com\/en\/wp-json\/wp\/v2\/media\/56904"}],"wp:attachment":[{"href":"https:\/\/huntermeetshunter.com\/en\/wp-json\/wp\/v2\/media?parent=38365"}],"wp:term":[{"taxonomy":"product_brand","embeddable":true,"href":"https:\/\/huntermeetshunter.com\/en\/wp-json\/wp\/v2\/product_brand?post=38365"},{"taxonomy":"product_cat","embeddable":true,"href":"https:\/\/huntermeetshunter.com\/en\/wp-json\/wp\/v2\/product_cat?post=38365"},{"taxonomy":"product_tag","embeddable":true,"href":"https:\/\/huntermeetshunter.com\/en\/wp-json\/wp\/v2\/product_tag?post=38365"}],"curies":[{"name":"wp","href":"https:\/\/api.w.org\/{rel}","templated":true}]}}