{"id":38617,"date":"2018-03-13T21:14:05","date_gmt":"2018-03-13T21:14:05","guid":{"rendered":"https:\/\/huntermeetshunter.com\/?post_type=product&#038;p=38617"},"modified":"2023-01-29T18:49:26","modified_gmt":"2023-01-29T18:49:26","slug":"gemischte-jagd-schwarzwild-tier-kalb-ricke-und-kitz","status":"publish","type":"product","link":"https:\/\/huntermeetshunter.com\/en\/produkt\/gemischte-jagd-schwarzwild-tier-kalb-ricke-und-kitz\/","title":{"rendered":"Gemischte Jagd &#8211; Schwarzwild, Tier, Kalb, Ricke und Kitz"},"content":{"rendered":"<p>Gemischte Jagd 2017\/18<br \/>\nSchwarzwild, Tier, Kalb, Ricke und Kitz<br \/>\nf\u00fcr J\u00e4gergruppen ab 2 Personen<br \/>\nEinzeljagd:<br \/>\n3 Tage Unterkunft mit Vollverpflegung im Doppelzimmer Kat. I,<br \/>\n3 Tage Jagdorganisation,  ( 6 Ausg\u00e4nge),<br \/>\nBearbeitungsgeb\u00fchr mit Voucher,<br \/>\nPr\u00e4paration und Sch\u00e4tzung der Troph\u00e4en,<br \/>\nPirschf\u00fchrung 1:1.<br \/>\n                                                                 475 \u20ac pro J\u00e4ger<br \/>\nKosten f\u00fcr zus\u00e4tzliche Leistungen:<br \/>\n15 \u20ac  Zuschlag f\u00fcrs Zimmer Kat. S,<br \/>\n12 \u20ac pro Tag pro Person f\u00fcr Einzelzimmer,<br \/>\n60 \u20ac pro J\u00e4ger f\u00fcr Transport des J\u00e4gers im Revier,<br \/>\n15 \u20ac pro Tag Pilot- Dolmetscher Wenn n\u00f6tig<br \/>\nFragen Sie uns nach Details des Angebots.<br \/>\nJagdreviere in Westpolen!<\/p>\n","protected":false},"excerpt":{"rendered":"<p>Gemischte Jagd 2017\/18 Schwarzwild, Tier, Kalb, Ricke und Kitz f\u00fcr J\u00e4gergruppen ab 2 Personen Einzeljagd: 3 Tage Unterkunft mit Vollverpflegung im Doppelzimmer Kat. I, 3 Tage Jagdorganisation, ( 6 Ausg\u00e4nge), Bearbeitungsgeb\u00fchr mit Voucher, Pr\u00e4paration und Sch\u00e4tzung der Troph\u00e4en, Pirschf\u00fchrung 1:1. 475 \u20ac pro J\u00e4ger Kosten f\u00fcr zus\u00e4tzliche Leistungen: 15 \u20ac Zuschlag f\u00fcrs Zimmer Kat. S, [&hellip;]<\/p>\n","protected":false},"featured_media":56587,"template":"","meta":{"_acf_changed":false,"_themeisle_gutenberg_block_has_review":false},"product_brand":[],"product_cat":[533],"product_tag":[],"class_list":{"0":"post-38617","1":"product","2":"type-product","3":"status-publish","4":"has-post-thumbnail","6":"product_cat-sell","8":"first","9":"outofstock","10":"taxable","11":"shipping-taxable","12":"purchasable","13":"product-type-simple"},"acf":[],"_links":{"self":[{"href":"https:\/\/huntermeetshunter.com\/en\/wp-json\/wp\/v2\/product\/38617","targetHints":{"allow":["GET"]}}],"collection":[{"href":"https:\/\/huntermeetshunter.com\/en\/wp-json\/wp\/v2\/product"}],"about":[{"href":"https:\/\/huntermeetshunter.com\/en\/wp-json\/wp\/v2\/types\/product"}],"wp:featuredmedia":[{"embeddable":true,"href":"https:\/\/huntermeetshunter.com\/en\/wp-json\/wp\/v2\/media\/56587"}],"wp:attachment":[{"href":"https:\/\/huntermeetshunter.com\/en\/wp-json\/wp\/v2\/media?parent=38617"}],"wp:term":[{"taxonomy":"product_brand","embeddable":true,"href":"https:\/\/huntermeetshunter.com\/en\/wp-json\/wp\/v2\/product_brand?post=38617"},{"taxonomy":"product_cat","embeddable":true,"href":"https:\/\/huntermeetshunter.com\/en\/wp-json\/wp\/v2\/product_cat?post=38617"},{"taxonomy":"product_tag","embeddable":true,"href":"https:\/\/huntermeetshunter.com\/en\/wp-json\/wp\/v2\/product_tag?post=38617"}],"curies":[{"name":"wp","href":"https:\/\/api.w.org\/{rel}","templated":true}]}}