{"id":38805,"date":"2018-07-03T16:03:45","date_gmt":"2018-07-03T16:03:45","guid":{"rendered":"https:\/\/huntermeetshunter.com\/?post_type=product&#038;p=38805"},"modified":"2023-01-27T13:53:37","modified_gmt":"2023-01-27T13:53:37","slug":"roe-buck-hunting-in-poland","status":"publish","type":"product","link":"https:\/\/huntermeetshunter.com\/en\/produkt\/roe-buck-hunting-in-poland\/","title":{"rendered":"Roe buck hunting in poland"},"content":{"rendered":"<p>Our speciality are hunts for strong roe bucks in east part of Poland. The trophies detained belong the strongers in whole Poland-the record of 224,68 CIC and Poland&#8217;s once second strongest trophy (211,08 CIC). Of course it is not very easy to find medal buck in so short time, but chance for that is much bigger in this areas. Anyway average trophies weight is the biggest in provinces Lublin, Zamo\u015b\u0107 and Che\u0142m. For less demanding hunters we have as well hunting grounds in whole country,where you can find very interesting and satisfied antlers.<br \/>\nPrice included:<br \/>\n#hunting 1&#215;1<br \/>\n#trophies preparation<br \/>\n#interpreter<br \/>\n#insurance<br \/>\n#polish hunting license<br \/>\n#bureau costs<br \/>\nPrice not included<br \/>\n#transport in hunting area 25\u20ac per outing<br \/>\n#transport from airport and back<br \/>\nTrophy payment:<br \/>\nUp to 149 g____________________ 55\u20ac<br \/>\n150 &#8211; 199 g_____________________90\u20ac<br \/>\n200 &#8211; 249 g_____________________120\u20ac<br \/>\n250 \u2013 299 g_____________________125\u20ac + 0,40\u20ac per each gram above 250g<br \/>\n300 &#8211; 349 g_____________________160\u20ac + 2,90\u20ac per each gram above 300g<br \/>\n350 &#8211; 399 g_____________________325\u20ac + 5,00\u20ac per each gram above 350g<br \/>\n400 &#8211; 449 g_____________________595\u20ac + 6,00\u20ac per each gram above 400g<br \/>\n450 \u2013 499 g_____________________890\u20ac + 7,00\u20ac per each gram above 450g<br \/>\n500 gram and more______________1350\u20ac<br \/>\nMissed \/ not found________________165\u20ac<br \/>\nVelvet more than 550g____________1300\u20ac<\/p>\n","protected":false},"excerpt":{"rendered":"<p>Our speciality are hunts for strong roe bucks in east part of Poland. The trophies detained belong the strongers in whole Poland-the record of 224,68 CIC and Poland&#8217;s once second strongest trophy (211,08 CIC). Of course it is not very easy to find medal buck in so short time, but chance for that is much [&hellip;]<\/p>\n","protected":false},"featured_media":56379,"template":"","meta":{"_acf_changed":false,"_themeisle_gutenberg_block_has_review":false},"product_brand":[],"product_cat":[533],"product_tag":[],"class_list":{"0":"post-38805","1":"product","2":"type-product","3":"status-publish","4":"has-post-thumbnail","6":"product_cat-sell","8":"first","9":"outofstock","10":"taxable","11":"shipping-taxable","12":"purchasable","13":"product-type-simple"},"acf":[],"_links":{"self":[{"href":"https:\/\/huntermeetshunter.com\/en\/wp-json\/wp\/v2\/product\/38805","targetHints":{"allow":["GET"]}}],"collection":[{"href":"https:\/\/huntermeetshunter.com\/en\/wp-json\/wp\/v2\/product"}],"about":[{"href":"https:\/\/huntermeetshunter.com\/en\/wp-json\/wp\/v2\/types\/product"}],"wp:featuredmedia":[{"embeddable":true,"href":"https:\/\/huntermeetshunter.com\/en\/wp-json\/wp\/v2\/media\/56379"}],"wp:attachment":[{"href":"https:\/\/huntermeetshunter.com\/en\/wp-json\/wp\/v2\/media?parent=38805"}],"wp:term":[{"taxonomy":"product_brand","embeddable":true,"href":"https:\/\/huntermeetshunter.com\/en\/wp-json\/wp\/v2\/product_brand?post=38805"},{"taxonomy":"product_cat","embeddable":true,"href":"https:\/\/huntermeetshunter.com\/en\/wp-json\/wp\/v2\/product_cat?post=38805"},{"taxonomy":"product_tag","embeddable":true,"href":"https:\/\/huntermeetshunter.com\/en\/wp-json\/wp\/v2\/product_tag?post=38805"}],"curies":[{"name":"wp","href":"https:\/\/api.w.org\/{rel}","templated":true}]}}