{"id":39072,"date":"2019-03-04T11:27:06","date_gmt":"2019-03-04T11:27:06","guid":{"rendered":"https:\/\/huntermeetshunter.com\/?post_type=product&#038;p=39072"},"modified":"2025-02-01T00:00:38","modified_gmt":"2025-02-01T00:00:38","slug":"hunt-for-red-deer-in-the-bavarian-forest-incl-accommodation-and-half-board","status":"publish","type":"product","link":"https:\/\/huntermeetshunter.com\/en\/produkt\/hunt-for-red-deer-in-the-bavarian-forest-incl-accommodation-and-half-board\/","title":{"rendered":"Jagd auf Rothirsch im Bayerischen Wald incl. \u00dcbernachtung und Halbpension"},"content":{"rendered":"<p>Rothirschjagd im Bayerischen Wald incl. \u00dcbernachtung und Halbpension.<br \/>\nWir bieten hier 3 Tage Halbpension inklusive Abschu\u00dfes eines Rothirsches bis 5,0 kg Troph\u00e4engewicht incl. F\u00fchrung. Die Jagd findet in der Ferienregion Bayerischen Wald statt in der sie in einer sehr sch\u00f6n gelegenen Pension mit Gasthaus untergebracht sind. Hier erleben Sie kulinarische Gaumenfreuden und die bayerische Gem\u00fctlichkeit in ihrer sch\u00f6nsten Form. Die Jagd findet in einem naturbelassenen Gro\u00dfgatter statt welches ein ideales Biotop f\u00fcr Rot-, Dam-und Sikahirsch bietet. Die landschaftlich einzigartige Lage macht diesen Urlaub zu einem wunderbares Erlebnis. Sollte wiedererwartend kein Hirsch erlegt, wird der Abschusspreis vor Ort zur\u00fcckerstattet. Ein st\u00e4rkerer Hirsch kann entsprechend der Preisliste erlegt werden.<br \/>\nAn- und Abreise zur Pension sind vom K\u00e4ufer selbst zu organisieren. Transport von der Pension ins Jagdrevier und zur\u00fcck sind inkludiert.<br \/>\nEs ist weiters m\u00f6glich sich kostenlos eine Waffe auszuborgen!<br \/>\nDie Jagdzeit auf Rothirsch beginnt am 1. August und endet am 31. Januar.<\/p>\n","protected":false},"excerpt":{"rendered":"<p>Rothirschjagd im Bayerischen Wald incl. \u00dcbernachtung und Halbpension. Wir bieten hier 3 Tage Halbpension inklusive Abschu\u00dfes eines Rothirsches bis 5,0 kg Troph\u00e4engewicht incl. F\u00fchrung. Die Jagd findet in der Ferienregion Bayerischen Wald statt in der sie in einer sehr sch\u00f6n gelegenen Pension mit Gasthaus untergebracht sind. Hier erleben Sie kulinarische Gaumenfreuden und die bayerische Gem\u00fctlichkeit [&hellip;]<\/p>\n","protected":false},"featured_media":56342,"template":"","meta":{"_acf_changed":false,"_themeisle_gutenberg_block_has_review":false},"product_brand":[],"product_cat":[533],"product_tag":[],"class_list":{"0":"post-39072","1":"product","2":"type-product","3":"status-publish","4":"has-post-thumbnail","6":"product_cat-sell","8":"first","9":"outofstock","10":"taxable","11":"shipping-taxable","12":"purchasable","13":"product-type-simple"},"acf":[],"_links":{"self":[{"href":"https:\/\/huntermeetshunter.com\/en\/wp-json\/wp\/v2\/product\/39072","targetHints":{"allow":["GET"]}}],"collection":[{"href":"https:\/\/huntermeetshunter.com\/en\/wp-json\/wp\/v2\/product"}],"about":[{"href":"https:\/\/huntermeetshunter.com\/en\/wp-json\/wp\/v2\/types\/product"}],"wp:featuredmedia":[{"embeddable":true,"href":"https:\/\/huntermeetshunter.com\/en\/wp-json\/wp\/v2\/media\/56342"}],"wp:attachment":[{"href":"https:\/\/huntermeetshunter.com\/en\/wp-json\/wp\/v2\/media?parent=39072"}],"wp:term":[{"taxonomy":"product_brand","embeddable":true,"href":"https:\/\/huntermeetshunter.com\/en\/wp-json\/wp\/v2\/product_brand?post=39072"},{"taxonomy":"product_cat","embeddable":true,"href":"https:\/\/huntermeetshunter.com\/en\/wp-json\/wp\/v2\/product_cat?post=39072"},{"taxonomy":"product_tag","embeddable":true,"href":"https:\/\/huntermeetshunter.com\/en\/wp-json\/wp\/v2\/product_tag?post=39072"}],"curies":[{"name":"wp","href":"https:\/\/api.w.org\/{rel}","templated":true}]}}