{"id":39074,"date":"2019-03-04T11:31:55","date_gmt":"2019-03-04T11:31:55","guid":{"rendered":"https:\/\/huntermeetshunter.com\/?post_type=product&#038;p=39074"},"modified":"2026-04-21T19:06:15","modified_gmt":"2026-04-21T19:06:15","slug":"hunting-for-capercaillie-and-black-grouse-in-sweden","status":"publish","type":"product","link":"https:\/\/huntermeetshunter.com\/en\/produkt\/hunting-for-capercaillie-and-black-grouse-in-sweden\/","title":{"rendered":"Hunting for capercaillie and black grouse in Sweden"},"content":{"rendered":"<p>Hunting area<br \/>\nIn Sweden, we organize bird hunts in the north of the Swedish province of Dalarna. Here we have access to more than 100,000 hectares of ideal habitats for capercaillies and black grouse.<br \/>\nThree different species of forest birds are hunted, depending on the season. The season begins on August 25th and ends on January 31st. In addition to bird hunting, we also offer beaver hunting.<br \/>\nAccommodation<br \/>\nOur camp is located in the small village of Husvallg\u00f6len, between S\u00e4len and S\u00e4rna in North Dalarna. The camp enjoys a charming location near the Fulu\u00e4lven River and directly within a hunting area. You can reach the river on foot (50 meters), where you can fish for grayling and trout. Our partner&#039;s new camp consists of two buildings: Valhalla and Midg\u00e5rd. The camp also features a large, wood-fired sauna, which is available for rent.<\/p>\n<p>Trophy hunting with a hunting dog<br \/>\nOne type of hunting is trophy hunting. We hunt when the birds have developed their full plumage. We hunt from the undergrowth, after the dogs have located the birds, which are perched in the treetops. When the first snow arrives, we leave the dogs at home and travel on cross-country skis. We hunt with a .222 Rem-6.5&#215;55 caliber rifle, allowing us to shoot at distances of 30-200 meters.<\/p>\n<p>Included in the price<br \/>\n1 capercaillie and 1 black grouse per hunter (hunting ratio 2:1)<br \/>\nGerman-speaking hunting guide with hunting dog \/ or skis<br \/>\nAccommodation in camp<br \/>\nSelf-catering as desired<br \/>\nHunting fees &amp; hunting insurance<br \/>\nHunting weapon<br \/>\nTransportation within the hunting area.<br \/>\nFree shooting of fox, mountain hare and pine marten.<br \/>\nPlease certify that the birds were legally hunted in Sweden.<br \/>\nPrices include taxes<br \/>\nNot included in the price<br \/>\nFlights\/transport to\/from Sweden and Northern Dalarna<br \/>\nAirport transfer from Mora per car (up to 4 people): 200 EUR<br \/>\nFlight to Stockholm from Munich approx. 170 EUR<br \/>\nDomestic flight to Mora from Stockholm: 210 EUR<br \/>\nRental car if desired<br \/>\nClothing and personal equipment<br \/>\nDocuments and fees for importing the weapon (200 EUR)<\/p>\n","protected":false},"excerpt":{"rendered":"<p>Hunting area In Sweden, we organize bird hunts in the north of the Swedish province of Dalarna. Here we have access to more than 100,000 hectares of ideal habitats for capercaillies and black grouse. Three different species of forest birds are hunted, depending on the season. The season begins on August 25th and ends on [&hellip;]<\/p>\n","protected":false},"featured_media":56341,"template":"","meta":{"_acf_changed":false,"_themeisle_gutenberg_block_has_review":false},"product_brand":[],"product_cat":[31,533],"product_tag":[],"class_list":{"0":"post-39074","1":"product","2":"type-product","3":"status-publish","4":"has-post-thumbnail","6":"product_cat-verkaufen","7":"product_cat-sell","9":"first","10":"instock","11":"taxable","12":"shipping-taxable","13":"purchasable","14":"product-type-simple"},"acf":[],"_links":{"self":[{"href":"https:\/\/huntermeetshunter.com\/en\/wp-json\/wp\/v2\/product\/39074","targetHints":{"allow":["GET"]}}],"collection":[{"href":"https:\/\/huntermeetshunter.com\/en\/wp-json\/wp\/v2\/product"}],"about":[{"href":"https:\/\/huntermeetshunter.com\/en\/wp-json\/wp\/v2\/types\/product"}],"wp:featuredmedia":[{"embeddable":true,"href":"https:\/\/huntermeetshunter.com\/en\/wp-json\/wp\/v2\/media\/56341"}],"wp:attachment":[{"href":"https:\/\/huntermeetshunter.com\/en\/wp-json\/wp\/v2\/media?parent=39074"}],"wp:term":[{"taxonomy":"product_brand","embeddable":true,"href":"https:\/\/huntermeetshunter.com\/en\/wp-json\/wp\/v2\/product_brand?post=39074"},{"taxonomy":"product_cat","embeddable":true,"href":"https:\/\/huntermeetshunter.com\/en\/wp-json\/wp\/v2\/product_cat?post=39074"},{"taxonomy":"product_tag","embeddable":true,"href":"https:\/\/huntermeetshunter.com\/en\/wp-json\/wp\/v2\/product_tag?post=39074"}],"curies":[{"name":"wp","href":"https:\/\/api.w.org\/{rel}","templated":true}]}}