{"id":39340,"date":"2019-04-21T18:52:52","date_gmt":"2019-04-21T18:52:52","guid":{"rendered":"https:\/\/huntermeetshunter.com\/?post_type=product&#038;p=39340"},"modified":"2025-02-01T00:00:38","modified_gmt":"2025-02-01T00:00:38","slug":"package-for-3-days-fallow-deer-with-overnight-stay-hb-in-the-bavarian-forest","status":"publish","type":"product","link":"https:\/\/huntermeetshunter.com\/en\/produkt\/package-for-3-days-fallow-deer-with-overnight-stay-hb-in-the-bavarian-forest\/","title":{"rendered":"Packet mit 3 Tagen Damhirsch mit \u00dcbernachtung &amp; HP im Bayerischen Wald"},"content":{"rendered":"<p>Wir bieten die Jagd in einem naturbelassenen Gro\u00dfgatter (ca. 80ha) an welches zu gr\u00f6\u00dftem Teil aus reinem Wald mit einigen Randwiesen besteht. Das Gatter bietet ein ideales Biotop f\u00fcr Rot-, Dam-und Sikahirsch. In dem Gatter k\u00f6nnen wir die Jagd auf alles heimische Schalenwild wie Rehwild, Rothirsch und Damhirsch aber auch auf Muffelwidder oder Exoten wie Sikahirsche anbieten.<br \/>\n3 Tage Jagdurlaub mit \u00dcbernachtung &amp; HP im Bayerischen Wald<br \/>\nSie kaufen hier auf 3 Tage Halbpension inklusive F\u00fchrung auf einen Damhirsch bis 2,7kg Troph\u00e4e. Die Jagd findet in der Ferienregion Bayerischen Wald statt in der sie in einer sehr sch\u00f6n gelegenen Pension mit Gasthaus untergebracht sind. Hier erleben Sie kulinarische Gaumenfreuden und die bayerische Gem\u00fctlichkeit in ihrer sch\u00f6nsten Form.<br \/>\nAn- und Abreise zur Pension sind vom K\u00e4ufer selbst zu organisieren. Transport von der Pension ins Jagdrevier und zur\u00fcck sind inkludiert.<br \/>\nEs ist weiters m\u00f6glich sich kostenlos eine Waffe auszuborgen!<br \/>\nDie Jagd auf Damhirsch beginnt am 1. September und endet am 31. Januar,.<\/p>\n","protected":false},"excerpt":{"rendered":"<p>Wir bieten die Jagd in einem naturbelassenen Gro\u00dfgatter (ca. 80ha) an welches zu gr\u00f6\u00dftem Teil aus reinem Wald mit einigen Randwiesen besteht. Das Gatter bietet ein ideales Biotop f\u00fcr Rot-, Dam-und Sikahirsch. In dem Gatter k\u00f6nnen wir die Jagd auf alles heimische Schalenwild wie Rehwild, Rothirsch und Damhirsch aber auch auf Muffelwidder oder Exoten wie [&hellip;]<\/p>\n","protected":false},"featured_media":56301,"template":"","meta":{"_acf_changed":false,"_themeisle_gutenberg_block_has_review":false},"product_brand":[],"product_cat":[31,533],"product_tag":[],"class_list":{"0":"post-39340","1":"product","2":"type-product","3":"status-publish","4":"has-post-thumbnail","6":"product_cat-verkaufen","7":"product_cat-sell","9":"first","10":"outofstock","11":"taxable","12":"shipping-taxable","13":"purchasable","14":"product-type-simple"},"acf":[],"_links":{"self":[{"href":"https:\/\/huntermeetshunter.com\/en\/wp-json\/wp\/v2\/product\/39340","targetHints":{"allow":["GET"]}}],"collection":[{"href":"https:\/\/huntermeetshunter.com\/en\/wp-json\/wp\/v2\/product"}],"about":[{"href":"https:\/\/huntermeetshunter.com\/en\/wp-json\/wp\/v2\/types\/product"}],"wp:featuredmedia":[{"embeddable":true,"href":"https:\/\/huntermeetshunter.com\/en\/wp-json\/wp\/v2\/media\/56301"}],"wp:attachment":[{"href":"https:\/\/huntermeetshunter.com\/en\/wp-json\/wp\/v2\/media?parent=39340"}],"wp:term":[{"taxonomy":"product_brand","embeddable":true,"href":"https:\/\/huntermeetshunter.com\/en\/wp-json\/wp\/v2\/product_brand?post=39340"},{"taxonomy":"product_cat","embeddable":true,"href":"https:\/\/huntermeetshunter.com\/en\/wp-json\/wp\/v2\/product_cat?post=39340"},{"taxonomy":"product_tag","embeddable":true,"href":"https:\/\/huntermeetshunter.com\/en\/wp-json\/wp\/v2\/product_tag?post=39340"}],"curies":[{"name":"wp","href":"https:\/\/api.w.org\/{rel}","templated":true}]}}