{"id":39539,"date":"2019-07-16T13:19:34","date_gmt":"2019-07-16T13:19:34","guid":{"rendered":"https:\/\/huntermeetshunter.com\/?post_type=product&#038;p=39539"},"modified":"2026-01-06T20:44:44","modified_gmt":"2026-01-06T20:44:44","slug":"top-offer-in-state-district-trzciel","status":"publish","type":"product","link":"https:\/\/huntermeetshunter.com\/en\/produkt\/top-offer-in-state-district-trzciel\/","title":{"rendered":"Top offer in State District Trzciel"},"content":{"rendered":"<p>Im Preis enthalten:<br \/>\n\u2022 3 Tage Jagd, 3 Tage Unterkunft mit Vollpension<br \/>\n\u2022 4 Rehb\u00f6cke (ungeachtet der Troph\u00e4enst\u00e4rke)<br \/>\n\u2022 Dolmetscherleistung<br \/>\n\u2022 Versicherung<br \/>\n\u2022 Jagdf\u00fchrung 1:1<br \/>\n\u2022 Bearbeitungsgeb\u00fchr<br \/>\n\u2022 Jagdlizenz<br \/>\nZus\u00e4tzliche Informationen:<br \/>\nAngeschwei\u00dfter Bock = erlegter Bock<br \/>\nJe zus\u00e4tzlicher Rehbock: 310 Euro je<br \/>\nR\u00fcckzahlung bei Nichterlegung: 200 Euro je<br \/>\nTransport ins Revier (30 Euro pro J\u00e4ger pro Jagdfahrt)<\/p>\n","protected":false},"excerpt":{"rendered":"<p>Im Preis enthalten: \u2022 3 Tage Jagd, 3 Tage Unterkunft mit Vollpension \u2022 4 Rehb\u00f6cke (ungeachtet der Troph\u00e4enst\u00e4rke) \u2022 Dolmetscherleistung \u2022 Versicherung \u2022 Jagdf\u00fchrung 1:1 \u2022 Bearbeitungsgeb\u00fchr \u2022 Jagdlizenz Zus\u00e4tzliche Informationen: Angeschwei\u00dfter Bock = erlegter Bock Je zus\u00e4tzlicher Rehbock: 310 Euro je R\u00fcckzahlung bei Nichterlegung: 200 Euro je Transport ins Revier (30 Euro pro J\u00e4ger [&hellip;]<\/p>\n","protected":false},"featured_media":56519,"template":"","meta":{"_acf_changed":false,"_themeisle_gutenberg_block_has_review":false},"product_brand":[],"product_cat":[533],"product_tag":[],"class_list":{"0":"post-39539","1":"product","2":"type-product","3":"status-publish","4":"has-post-thumbnail","6":"product_cat-sell","8":"first","9":"outofstock","10":"taxable","11":"shipping-taxable","12":"purchasable","13":"product-type-simple"},"acf":[],"_links":{"self":[{"href":"https:\/\/huntermeetshunter.com\/en\/wp-json\/wp\/v2\/product\/39539","targetHints":{"allow":["GET"]}}],"collection":[{"href":"https:\/\/huntermeetshunter.com\/en\/wp-json\/wp\/v2\/product"}],"about":[{"href":"https:\/\/huntermeetshunter.com\/en\/wp-json\/wp\/v2\/types\/product"}],"wp:featuredmedia":[{"embeddable":true,"href":"https:\/\/huntermeetshunter.com\/en\/wp-json\/wp\/v2\/media\/56519"}],"wp:attachment":[{"href":"https:\/\/huntermeetshunter.com\/en\/wp-json\/wp\/v2\/media?parent=39539"}],"wp:term":[{"taxonomy":"product_brand","embeddable":true,"href":"https:\/\/huntermeetshunter.com\/en\/wp-json\/wp\/v2\/product_brand?post=39539"},{"taxonomy":"product_cat","embeddable":true,"href":"https:\/\/huntermeetshunter.com\/en\/wp-json\/wp\/v2\/product_cat?post=39539"},{"taxonomy":"product_tag","embeddable":true,"href":"https:\/\/huntermeetshunter.com\/en\/wp-json\/wp\/v2\/product_tag?post=39539"}],"curies":[{"name":"wp","href":"https:\/\/api.w.org\/{rel}","templated":true}]}}