{"id":39986,"date":"2020-04-16T21:02:16","date_gmt":"2020-04-16T21:02:16","guid":{"rendered":"https:\/\/huntermeetshunter.com\/?post_type=product&#038;p=39986"},"modified":"2026-01-01T07:11:38","modified_gmt":"2026-01-01T07:11:38","slug":"jagd-auf-roan-sable-antilope-in-suedafrika","status":"publish","type":"product","link":"https:\/\/huntermeetshunter.com\/en\/produkt\/jagd-auf-roan-sable-antilope-in-suedafrika\/","title":{"rendered":"Jagd auf Roan &amp; Sable Antilope in S\u00fcdafrika"},"content":{"rendered":"<p>Sie hat das Jagdfieber gepackt? Lernen Sie mit uns die Jagdwelt S\u00fcdafrikas kennen! Als erfahrener und kompetenter Jagdf\u00fchrer stehen wir Ihnen mit Rat und Tat zur Seite. Lassen Sie sich von unserem umfangreichen Jagdangebot inspirieren.<br \/>\nEntdecken Sie die unbeschwerte Natur des s\u00fcdlichen Afrikas und das unglaubliche Gef\u00fchl der Jagd. <\/p>\n<p>Die Jagd auf Roan und Sable Antilope findet auf Jagdkonzessionen statt.<br \/>\nDie Jagdsaison findet zwischen M\u00e4rz und Oktober statt. Wir raten Ihnen dennoch, die Zeit zwischen Juni und September zu w\u00e4hlen. Die Jagdgeb\u00fchren beinhalten die Unterkunft f\u00fcr 7 Tage und eine 5-t\u00e4gige 1&#215;1 Pirschf\u00fchrung auf einen Roan und Sable. Sie werden von einem unserer erfahrenen Guides gef\u00fchrt. <\/p>\n<p>Flughafentransfer, Unterkunft, Verpflegung und ein vielf\u00e4ltiges Programm: W\u00e4hrend Sie sich entspannen, k\u00fcmmern wir uns um die Details, so dass Sie Ihren Aufenthalt rundum genie\u00dfen k\u00f6nnen. Entdecken Sie mit uns die Vielfalt S\u00fcdafrikas.<\/p>\n<p>Nach der Ankunft in S\u00fcdafrika hei\u00dfen wir Sie in unserer Lodge Herzlich Willkommen. Bei uns wohnen Sie in stilvoll afrikanisch eingerichteten Zimmern mit Dusche, WC und Waschbecken. W\u00e4hrend ihres Aufenthalts steht Ihnen ein t\u00e4glicher W\u00e4scheservice zur Verf\u00fcgung. Ein Fernseher sowie WLAN befinden sich im Haupthaus. Als willkommene Abk\u00fchlung nach einem anstrengenden Jagdtag wartet unser Swimmingpool im Garten auf Sie. Ob im jagdtypisch hergerichteten Esszimmer oder beim Barbeque am Lagerfeuer, f\u00fcr das leibliche Wohl wird stets gesorgt und sie k\u00f6nnen sich auf vielf\u00e4ltige afrikanische als auch internationale K\u00fcche freuen. Lassen sie den Tag mit einem Drink beim allabendlichen Feuer ausklingen und die Erlebnisse des Jagdtages Revue passieren.<br \/>\nUnser Gebiet ist eine malariafreie Region. Im Notfall k\u00f6nnen wir selbstverst\u00e4ndlich mit medizinischer Versorgung dienen. Unser Camp hat sich auf den deutschsprachigen Raum spezialisiert und hat sehr gute Referenzen in Deutschland und \u00d6sterreich. Wir sehen Sie nicht nur als einen Jagdgast, sondern als einen Freund! Begleitpersonen, die nicht auf die Jagd mitkommen, sind herzlich Willkommen. Ein kleiner Swimmingpool steht zur Verf\u00fcgung und mehrere Ausfl\u00fcge, zB nach Sun City, einem Wildreservat mit den Big Five und den Krokodilfarmen. Eintritt sowie Verpflegungen bei diesen Ausfl\u00fcgen sind nicht mit inbegriffen.<br \/>\nWeitere Wildarten auf Anfrage m\u00f6glich -> senden Sie uns eine Anfrage!<\/p>\n<p>Nebenkosten:<br \/>\n&#8211; Flughafenkosten: \u20ac 400 pro Auto (max 4 Person pro Auto) Johannesburg International<br \/>\n-Leihwaffe (\u20ac35 pro Tag inclusive Munition, wenn gebraucht);<br \/>\n-Verpackung, Versicherung und Versand der Troph\u00e4en;<br \/>\nPers\u00f6nliche Ausgaben wie Telefon, Trinkgelder, Souvenirs etc.;<br \/>\n&#8211; evtl. Hotelkosten vor oder nach der Jagd; und<br \/>\nevtl. Zus\u00e4tzliche touristische Programme.<br \/>\nDieses Angebot gilt f\u00fcr das Mooivallei Camp.<\/p>\n","protected":false},"excerpt":{"rendered":"<p>Sie hat das Jagdfieber gepackt? Lernen Sie mit uns die Jagdwelt S\u00fcdafrikas kennen! Als erfahrener und kompetenter Jagdf\u00fchrer stehen wir Ihnen mit Rat und Tat zur Seite. Lassen Sie sich von unserem umfangreichen Jagdangebot inspirieren. Entdecken Sie die unbeschwerte Natur des s\u00fcdlichen Afrikas und das unglaubliche Gef\u00fchl der Jagd. Die Jagd auf Roan und Sable [&hellip;]<\/p>\n","protected":false},"featured_media":57865,"template":"","meta":{"_acf_changed":false,"_themeisle_gutenberg_block_has_review":false},"product_brand":[],"product_cat":[31],"product_tag":[],"class_list":{"0":"post-39986","1":"product","2":"type-product","3":"status-publish","4":"has-post-thumbnail","6":"product_cat-verkaufen","8":"first","9":"outofstock","10":"taxable","11":"shipping-taxable","12":"purchasable","13":"product-type-simple"},"acf":[],"_links":{"self":[{"href":"https:\/\/huntermeetshunter.com\/en\/wp-json\/wp\/v2\/product\/39986","targetHints":{"allow":["GET"]}}],"collection":[{"href":"https:\/\/huntermeetshunter.com\/en\/wp-json\/wp\/v2\/product"}],"about":[{"href":"https:\/\/huntermeetshunter.com\/en\/wp-json\/wp\/v2\/types\/product"}],"wp:featuredmedia":[{"embeddable":true,"href":"https:\/\/huntermeetshunter.com\/en\/wp-json\/wp\/v2\/media\/57865"}],"wp:attachment":[{"href":"https:\/\/huntermeetshunter.com\/en\/wp-json\/wp\/v2\/media?parent=39986"}],"wp:term":[{"taxonomy":"product_brand","embeddable":true,"href":"https:\/\/huntermeetshunter.com\/en\/wp-json\/wp\/v2\/product_brand?post=39986"},{"taxonomy":"product_cat","embeddable":true,"href":"https:\/\/huntermeetshunter.com\/en\/wp-json\/wp\/v2\/product_cat?post=39986"},{"taxonomy":"product_tag","embeddable":true,"href":"https:\/\/huntermeetshunter.com\/en\/wp-json\/wp\/v2\/product_tag?post=39986"}],"curies":[{"name":"wp","href":"https:\/\/api.w.org\/{rel}","templated":true}]}}