{"id":45652,"date":"2019-11-07T13:16:07","date_gmt":"2019-11-07T13:16:07","guid":{"rendered":"https:\/\/huntermeetshunter.com\/?post_type=product&#038;p=45652"},"modified":"2019-11-07T13:16:07","modified_gmt":"2019-11-07T13:16:07","slug":"tauschangebot","status":"publish","type":"product","link":"https:\/\/huntermeetshunter.com\/en\/produkt\/tauschangebot\/","title":{"rendered":"Tauschangebot"},"content":{"rendered":"<p>Hallo.<br \/>\nIch bin auf der Suche nach Jagdbekanntschaft mit Jagdm\u00f6glichkeit auf Schwarzwild.<br \/>\nAnsitz oder Treibjagd. W\u00fcrde im Gegenzug auf &#8220;Mangei&#8221; Murmeltier in den Kitzb\u00fcheler Alpen einladen.<br \/>\nSoll alles ungezwungen und freundschaftlich sein.<br \/>\nW\u00fcrd mich \u00fcber eine Antwort freuen.<br \/>\nLG &#038; WMH<br \/>\nHubert<\/p>\n","protected":false},"excerpt":{"rendered":"<p>Hallo. Ich bin auf der Suche nach Jagdbekanntschaft mit Jagdm\u00f6glichkeit auf Schwarzwild. Ansitz oder Treibjagd. W\u00fcrde im Gegenzug auf &#8220;Mangei&#8221; Murmeltier in den Kitzb\u00fcheler Alpen einladen. Soll alles ungezwungen und freundschaftlich sein. W\u00fcrd mich \u00fcber eine Antwort freuen. LG &#038; WMH Hubert<\/p>\n","protected":false},"featured_media":0,"template":"","meta":{"_acf_changed":false,"_themeisle_gutenberg_block_has_review":false},"product_brand":[],"product_cat":[532],"product_tag":[],"class_list":{"0":"post-45652","1":"product","2":"type-product","3":"status-publish","5":"product_cat-exchange","7":"first","8":"outofstock","9":"taxable","10":"shipping-taxable","11":"product-type-simple"},"acf":[],"_links":{"self":[{"href":"https:\/\/huntermeetshunter.com\/en\/wp-json\/wp\/v2\/product\/45652","targetHints":{"allow":["GET"]}}],"collection":[{"href":"https:\/\/huntermeetshunter.com\/en\/wp-json\/wp\/v2\/product"}],"about":[{"href":"https:\/\/huntermeetshunter.com\/en\/wp-json\/wp\/v2\/types\/product"}],"wp:attachment":[{"href":"https:\/\/huntermeetshunter.com\/en\/wp-json\/wp\/v2\/media?parent=45652"}],"wp:term":[{"taxonomy":"product_brand","embeddable":true,"href":"https:\/\/huntermeetshunter.com\/en\/wp-json\/wp\/v2\/product_brand?post=45652"},{"taxonomy":"product_cat","embeddable":true,"href":"https:\/\/huntermeetshunter.com\/en\/wp-json\/wp\/v2\/product_cat?post=45652"},{"taxonomy":"product_tag","embeddable":true,"href":"https:\/\/huntermeetshunter.com\/en\/wp-json\/wp\/v2\/product_tag?post=45652"}],"curies":[{"name":"wp","href":"https:\/\/api.w.org\/{rel}","templated":true}]}}