{"id":45720,"date":"2020-01-29T19:23:39","date_gmt":"2020-01-29T19:23:39","guid":{"rendered":"https:\/\/huntermeetshunter.com\/?post_type=product&#038;p=45720"},"modified":"2020-01-29T19:23:39","modified_gmt":"2020-01-29T19:23:39","slug":"gamsjagd-gefuehrt","status":"publish","type":"product","link":"https:\/\/huntermeetshunter.com\/en\/produkt\/gamsjagd-gefuehrt\/","title":{"rendered":"Gamsjagd gef\u00fchrt"},"content":{"rendered":"<p>Biete von Berufsj\u00e4ger gef\u00fchrte Gamsjagd im Tausch oder gegen Bezahlung&#8230;\u00fcber ernst gemeinte Angebote w\u00fcrde ich mich freuen.<\/p>\n","protected":false},"excerpt":{"rendered":"<p>Biete von Berufsj\u00e4ger gef\u00fchrte Gamsjagd im Tausch oder gegen Bezahlung&#8230;\u00fcber ernst gemeinte Angebote w\u00fcrde ich mich freuen.<\/p>\n","protected":false},"featured_media":0,"template":"","meta":{"_acf_changed":false,"_themeisle_gutenberg_block_has_review":false},"product_brand":[],"product_cat":[532],"product_tag":[],"class_list":{"0":"post-45720","1":"product","2":"type-product","3":"status-publish","5":"product_cat-exchange","7":"first","8":"outofstock","9":"taxable","10":"shipping-taxable","11":"product-type-simple"},"acf":[],"_links":{"self":[{"href":"https:\/\/huntermeetshunter.com\/en\/wp-json\/wp\/v2\/product\/45720","targetHints":{"allow":["GET"]}}],"collection":[{"href":"https:\/\/huntermeetshunter.com\/en\/wp-json\/wp\/v2\/product"}],"about":[{"href":"https:\/\/huntermeetshunter.com\/en\/wp-json\/wp\/v2\/types\/product"}],"wp:attachment":[{"href":"https:\/\/huntermeetshunter.com\/en\/wp-json\/wp\/v2\/media?parent=45720"}],"wp:term":[{"taxonomy":"product_brand","embeddable":true,"href":"https:\/\/huntermeetshunter.com\/en\/wp-json\/wp\/v2\/product_brand?post=45720"},{"taxonomy":"product_cat","embeddable":true,"href":"https:\/\/huntermeetshunter.com\/en\/wp-json\/wp\/v2\/product_cat?post=45720"},{"taxonomy":"product_tag","embeddable":true,"href":"https:\/\/huntermeetshunter.com\/en\/wp-json\/wp\/v2\/product_tag?post=45720"}],"curies":[{"name":"wp","href":"https:\/\/api.w.org\/{rel}","templated":true}]}}