{"id":45729,"date":"2020-02-10T20:09:33","date_gmt":"2020-02-10T20:09:33","guid":{"rendered":"https:\/\/huntermeetshunter.com\/?post_type=product&#038;p=45729"},"modified":"2020-02-10T20:09:33","modified_gmt":"2020-02-10T20:09:33","slug":"suche-tauschjagd-auf-gams-2","status":"publish","type":"product","link":"https:\/\/huntermeetshunter.com\/en\/produkt\/suche-tauschjagd-auf-gams-2\/","title":{"rendered":"Suche Tauschjagd auf Gams"},"content":{"rendered":"<p>Gesucht wird eine Tauschjagd oder Jagd gegen Bezahlung auf Gamswild f\u00fcr 3 Personen.<br \/>\nIm Tausch w\u00e4re anzubieten Ansitz oder Dr\u00fcckjagd auf Schwarzwild sowie Rotwild und Rehwild.<br \/>\nTroph\u00e4enst\u00e4rke spielt eine untergeordnete Rolle. <\/p>\n","protected":false},"excerpt":{"rendered":"<p>Gesucht wird eine Tauschjagd oder Jagd gegen Bezahlung auf Gamswild f\u00fcr 3 Personen. Im Tausch w\u00e4re anzubieten Ansitz oder Dr\u00fcckjagd auf Schwarzwild sowie Rotwild und Rehwild. Troph\u00e4enst\u00e4rke spielt eine untergeordnete Rolle.<\/p>\n","protected":false},"featured_media":0,"template":"","meta":{"_acf_changed":false,"_themeisle_gutenberg_block_has_review":false},"product_brand":[],"product_cat":[532],"product_tag":[466],"class_list":{"0":"post-45729","1":"product","2":"type-product","3":"status-publish","5":"product_cat-exchange","6":"product_tag-gamswild-gams","8":"first","9":"outofstock","10":"taxable","11":"shipping-taxable","12":"product-type-simple"},"acf":[],"_links":{"self":[{"href":"https:\/\/huntermeetshunter.com\/en\/wp-json\/wp\/v2\/product\/45729","targetHints":{"allow":["GET"]}}],"collection":[{"href":"https:\/\/huntermeetshunter.com\/en\/wp-json\/wp\/v2\/product"}],"about":[{"href":"https:\/\/huntermeetshunter.com\/en\/wp-json\/wp\/v2\/types\/product"}],"wp:attachment":[{"href":"https:\/\/huntermeetshunter.com\/en\/wp-json\/wp\/v2\/media?parent=45729"}],"wp:term":[{"taxonomy":"product_brand","embeddable":true,"href":"https:\/\/huntermeetshunter.com\/en\/wp-json\/wp\/v2\/product_brand?post=45729"},{"taxonomy":"product_cat","embeddable":true,"href":"https:\/\/huntermeetshunter.com\/en\/wp-json\/wp\/v2\/product_cat?post=45729"},{"taxonomy":"product_tag","embeddable":true,"href":"https:\/\/huntermeetshunter.com\/en\/wp-json\/wp\/v2\/product_tag?post=45729"}],"curies":[{"name":"wp","href":"https:\/\/api.w.org\/{rel}","templated":true}]}}