{"id":45756,"date":"2020-03-04T14:42:51","date_gmt":"2020-03-04T14:42:51","guid":{"rendered":"https:\/\/huntermeetshunter.com\/?post_type=product&#038;p=45756"},"modified":"2020-03-04T14:42:51","modified_gmt":"2020-03-04T14:42:51","slug":"tauschjagd","status":"publish","type":"product","link":"https:\/\/huntermeetshunter.com\/en\/produkt\/tauschjagd\/","title":{"rendered":"Tauschjagd"},"content":{"rendered":"<p>Waidmannsheil, habe deine Anzeige gelesen vielleicht passt es. Unser Revier liegt in der Mitte von Hessen. Wir suchen vielleicht genau sowas wie ihr. Sind auch ne kleine Truppe die sich umschaut auch mal woanders zujagen. Haben ein Revier mit Sauen guten rehwild bestand Fuchs Waschb\u00e4ren, Wasser im Revier mit gut Enten. Beute machen und Spa\u00df drumherum ist uns wichtig. Keine idoten w\u00fcrde ich mal sagen. Eigene H\u00fctte 1 km vom Revier mit Wasser und Strom (60qm) k\u00f6nnte als Unterkunft zur Verf\u00fcgung stehen. Suchen keinen bezahlten Abschuss ebenso wollen wir sowas auch nicht bieten.<br \/>\nGru\u00df Jan Dirbel<\/p>\n","protected":false},"excerpt":{"rendered":"<p>Waidmannsheil, habe deine Anzeige gelesen vielleicht passt es. Unser Revier liegt in der Mitte von Hessen. Wir suchen vielleicht genau sowas wie ihr. Sind auch ne kleine Truppe die sich umschaut auch mal woanders zujagen. Haben ein Revier mit Sauen guten rehwild bestand Fuchs Waschb\u00e4ren, Wasser im Revier mit gut Enten. Beute machen und Spa\u00df [&hellip;]<\/p>\n","protected":false},"featured_media":0,"template":"","meta":{"_acf_changed":false,"_themeisle_gutenberg_block_has_review":false},"product_brand":[],"product_cat":[532],"product_tag":[],"class_list":{"0":"post-45756","1":"product","2":"type-product","3":"status-publish","5":"product_cat-exchange","7":"first","8":"outofstock","9":"taxable","10":"shipping-taxable","11":"product-type-simple"},"acf":[],"_links":{"self":[{"href":"https:\/\/huntermeetshunter.com\/en\/wp-json\/wp\/v2\/product\/45756","targetHints":{"allow":["GET"]}}],"collection":[{"href":"https:\/\/huntermeetshunter.com\/en\/wp-json\/wp\/v2\/product"}],"about":[{"href":"https:\/\/huntermeetshunter.com\/en\/wp-json\/wp\/v2\/types\/product"}],"wp:attachment":[{"href":"https:\/\/huntermeetshunter.com\/en\/wp-json\/wp\/v2\/media?parent=45756"}],"wp:term":[{"taxonomy":"product_brand","embeddable":true,"href":"https:\/\/huntermeetshunter.com\/en\/wp-json\/wp\/v2\/product_brand?post=45756"},{"taxonomy":"product_cat","embeddable":true,"href":"https:\/\/huntermeetshunter.com\/en\/wp-json\/wp\/v2\/product_cat?post=45756"},{"taxonomy":"product_tag","embeddable":true,"href":"https:\/\/huntermeetshunter.com\/en\/wp-json\/wp\/v2\/product_tag?post=45756"}],"curies":[{"name":"wp","href":"https:\/\/api.w.org\/{rel}","templated":true}]}}