{"id":45774,"date":"2020-05-03T20:41:46","date_gmt":"2020-05-03T20:41:46","guid":{"rendered":"https:\/\/huntermeetshunter.com\/?post_type=product&#038;p=45774"},"modified":"2023-05-27T00:00:42","modified_gmt":"2023-05-27T00:00:42","slug":"gut-vernetzt-ist-halb-erlegt","status":"publish","type":"product","link":"https:\/\/huntermeetshunter.com\/en\/produkt\/gut-vernetzt-ist-halb-erlegt\/","title":{"rendered":"Gut vernetzt ist halb erlegt"},"content":{"rendered":"<p>Waidmannsheil!<br \/>\nVermutlich hat jeder hier einmal so angefangen wie ich, oder zumindest vergleichbar:<br \/>\nKeine J\u00e4ger in der Familie, kein Revier, keine Jagdgelegenheit, den Jagdschein w\u00e4hrend des Studiums vom Mund abgespart und keine Ausr\u00fcstung.<br \/>\nW\u00e4hrend den letzten Z\u00fcge des Studiums hatte ich dann Gelegenheit andere J\u00e4ger kennen zu lernen. Ich wurde zur Elchjad in Estland eingeladen, bin regelm\u00e4\u00dfiger Gast auf Fasanenjagden im M\u00fcnsterland, bekomme bald einen Begehungsschein in einem 1000 ha Gr\u00fcnfl\u00e4chenrevier um das Schwarzwild zu bejagen und waidwerke regelm\u00e4\u00dfig bei einem Kumpel auf Reh- und Hochwild in der Eifel.<br \/>\nEin eigenes Revier habe ich leider nach wie vor nicht und somit leider auch nicht die M\u00f6glichkeit, ohne weiteres Freunde und Bekannte zur Jagd einzuladen.<br \/>\nWas ich aber bieten kann ist absolute Zuverl\u00e4ssigkeit, Treffsicherheit und Waidgerechtigkeit. Meine Strecke an Nieder- und Schalenwild ist bisher aus genannten Gr\u00fcnden \u00fcberschaubar, aber ich bin hochmotiviert.<br \/>\nIch hoffe auf diesem Weg die M\u00f6glichkeit zur Jagd zu bekommen. Ich bin mobil und ausdauernd, jage aber bevorzugt gemeinsam. Erst das kalte Bier am Lagerfeuer rundet einen Jagdtag f\u00fcr mich ab und ich hoffe sehr auf neue Freundschaften im ganzen Bundesgebiet, auf das man gemeinsam Jagen geht und den Erfolg teilt.<br \/>\nIn hoffentlich nicht allzu ferner Zukunft werde ich dies hoffentlich durch Einladungen zu mir wieder gut machen k\u00f6nnen.<br \/>\nSollt also jemand hier Lust auf einen verl\u00e4sslichen, konservativen und gut vernetzten Waidgenossen haben, dann gib bitte Bescheid! Vielleicht findet sich ja noch eine Gelegenheit auf Bock im Mai.<br \/>\nMit den besten W\u00fcnschen<br \/>\nMartin<\/p>\n","protected":false},"excerpt":{"rendered":"<p>Waidmannsheil! Vermutlich hat jeder hier einmal so angefangen wie ich, oder zumindest vergleichbar: Keine J\u00e4ger in der Familie, kein Revier, keine Jagdgelegenheit, den Jagdschein w\u00e4hrend des Studiums vom Mund abgespart und keine Ausr\u00fcstung. W\u00e4hrend den letzten Z\u00fcge des Studiums hatte ich dann Gelegenheit andere J\u00e4ger kennen zu lernen. Ich wurde zur Elchjad in Estland eingeladen, [&hellip;]<\/p>\n","protected":false},"featured_media":0,"template":"","meta":{"_acf_changed":false,"_themeisle_gutenberg_block_has_review":false},"product_brand":[],"product_cat":[532],"product_tag":[],"class_list":{"0":"post-45774","1":"product","2":"type-product","3":"status-publish","5":"product_cat-exchange","7":"first","8":"outofstock","9":"taxable","10":"shipping-taxable","11":"product-type-simple"},"acf":[],"_links":{"self":[{"href":"https:\/\/huntermeetshunter.com\/en\/wp-json\/wp\/v2\/product\/45774","targetHints":{"allow":["GET"]}}],"collection":[{"href":"https:\/\/huntermeetshunter.com\/en\/wp-json\/wp\/v2\/product"}],"about":[{"href":"https:\/\/huntermeetshunter.com\/en\/wp-json\/wp\/v2\/types\/product"}],"wp:attachment":[{"href":"https:\/\/huntermeetshunter.com\/en\/wp-json\/wp\/v2\/media?parent=45774"}],"wp:term":[{"taxonomy":"product_brand","embeddable":true,"href":"https:\/\/huntermeetshunter.com\/en\/wp-json\/wp\/v2\/product_brand?post=45774"},{"taxonomy":"product_cat","embeddable":true,"href":"https:\/\/huntermeetshunter.com\/en\/wp-json\/wp\/v2\/product_cat?post=45774"},{"taxonomy":"product_tag","embeddable":true,"href":"https:\/\/huntermeetshunter.com\/en\/wp-json\/wp\/v2\/product_tag?post=45774"}],"curies":[{"name":"wp","href":"https:\/\/api.w.org\/{rel}","templated":true}]}}