{"id":45777,"date":"2020-05-20T14:43:00","date_gmt":"2020-05-20T14:43:00","guid":{"rendered":"https:\/\/huntermeetshunter.com\/?post_type=product&#038;p=45777"},"modified":"2020-05-20T14:43:00","modified_gmt":"2020-05-20T14:43:00","slug":"damwildjagd-nahe-der-ostesee","status":"publish","type":"product","link":"https:\/\/huntermeetshunter.com\/en\/produkt\/damwildjagd-nahe-der-ostesee\/","title":{"rendered":"Damwildjagd nahe der Ostesee"},"content":{"rendered":"<p>Die Jagd findet in einem sch\u00f6nen Revier nahe der Ostsee statt.<br \/>\nAls Jagdzeit empfiehlt sich der September sowie der Januar.<br \/>\nDie Bejagung von Schwarzwild sowie Rehwild ist nebenbei m\u00f6glich. Auch diverse Niederwildarten k\u00f6nnen bejagt weden. (G\u00e4nse sehr zahlreich)<\/p>\n","protected":false},"excerpt":{"rendered":"<p>Die Jagd findet in einem sch\u00f6nen Revier nahe der Ostsee statt. Als Jagdzeit empfiehlt sich der September sowie der Januar. Die Bejagung von Schwarzwild sowie Rehwild ist nebenbei m\u00f6glich. Auch diverse Niederwildarten k\u00f6nnen bejagt weden. (G\u00e4nse sehr zahlreich)<\/p>\n","protected":false},"featured_media":56502,"template":"","meta":{"_acf_changed":false,"_themeisle_gutenberg_block_has_review":false},"product_brand":[],"product_cat":[532],"product_tag":[],"class_list":{"0":"post-45777","1":"product","2":"type-product","3":"status-publish","4":"has-post-thumbnail","6":"product_cat-exchange","8":"first","9":"outofstock","10":"taxable","11":"shipping-taxable","12":"product-type-simple"},"acf":[],"_links":{"self":[{"href":"https:\/\/huntermeetshunter.com\/en\/wp-json\/wp\/v2\/product\/45777","targetHints":{"allow":["GET"]}}],"collection":[{"href":"https:\/\/huntermeetshunter.com\/en\/wp-json\/wp\/v2\/product"}],"about":[{"href":"https:\/\/huntermeetshunter.com\/en\/wp-json\/wp\/v2\/types\/product"}],"wp:featuredmedia":[{"embeddable":true,"href":"https:\/\/huntermeetshunter.com\/en\/wp-json\/wp\/v2\/media\/56502"}],"wp:attachment":[{"href":"https:\/\/huntermeetshunter.com\/en\/wp-json\/wp\/v2\/media?parent=45777"}],"wp:term":[{"taxonomy":"product_brand","embeddable":true,"href":"https:\/\/huntermeetshunter.com\/en\/wp-json\/wp\/v2\/product_brand?post=45777"},{"taxonomy":"product_cat","embeddable":true,"href":"https:\/\/huntermeetshunter.com\/en\/wp-json\/wp\/v2\/product_cat?post=45777"},{"taxonomy":"product_tag","embeddable":true,"href":"https:\/\/huntermeetshunter.com\/en\/wp-json\/wp\/v2\/product_tag?post=45777"}],"curies":[{"name":"wp","href":"https:\/\/api.w.org\/{rel}","templated":true}]}}