{"id":45811,"date":"2020-10-08T22:05:39","date_gmt":"2020-10-08T22:05:39","guid":{"rendered":"https:\/\/huntermeetshunter.com\/?post_type=product&#038;p=45811"},"modified":"2020-10-08T22:05:39","modified_gmt":"2020-10-08T22:05:39","slug":"waldjagd-im-hessischen","status":"publish","type":"product","link":"https:\/\/huntermeetshunter.com\/en\/produkt\/waldjagd-im-hessischen\/","title":{"rendered":"Waldjagd im hessischen"},"content":{"rendered":"<p>Gemeinsames jagen in reinem Waldrevier in der Mitte von Hessen, Jagdh\u00fctte vorhanden, Liegen m\u00fcssen aber mitgebracht werden, offene Feuerstelle im Freien sowie offener Kamin in der Jagdh\u00fctte. Es kann gegrillt werden. 57 Ansitze vorhanden, Rehwild und SW als Standwild, Waschb\u00e4ren ebenso.  Abgelegen vom Ort mitten im Wald gelegen. Anspruchsvoll, es kann ggf bei sich verbessernder Situation 2021 auch auf DJ teilgenommen werden im Revier. Wir haben und jagen mit DJT sowie STRB, zur Nachsuche steht ein BGS bereit. <\/p>\n","protected":false},"excerpt":{"rendered":"<p>Gemeinsames jagen in reinem Waldrevier in der Mitte von Hessen, Jagdh\u00fctte vorhanden, Liegen m\u00fcssen aber mitgebracht werden, offene Feuerstelle im Freien sowie offener Kamin in der Jagdh\u00fctte. Es kann gegrillt werden. 57 Ansitze vorhanden, Rehwild und SW als Standwild, Waschb\u00e4ren ebenso. Abgelegen vom Ort mitten im Wald gelegen. Anspruchsvoll, es kann ggf bei sich verbessernder [&hellip;]<\/p>\n","protected":false},"featured_media":51953,"template":"","meta":{"_acf_changed":false,"_themeisle_gutenberg_block_has_review":false},"product_brand":[],"product_cat":[532],"product_tag":[],"class_list":{"0":"post-45811","1":"product","2":"type-product","3":"status-publish","4":"has-post-thumbnail","6":"product_cat-exchange","8":"first","9":"outofstock","10":"taxable","11":"shipping-taxable","12":"product-type-simple"},"acf":[],"_links":{"self":[{"href":"https:\/\/huntermeetshunter.com\/en\/wp-json\/wp\/v2\/product\/45811","targetHints":{"allow":["GET"]}}],"collection":[{"href":"https:\/\/huntermeetshunter.com\/en\/wp-json\/wp\/v2\/product"}],"about":[{"href":"https:\/\/huntermeetshunter.com\/en\/wp-json\/wp\/v2\/types\/product"}],"wp:featuredmedia":[{"embeddable":true,"href":"https:\/\/huntermeetshunter.com\/en\/wp-json\/wp\/v2\/media\/51953"}],"wp:attachment":[{"href":"https:\/\/huntermeetshunter.com\/en\/wp-json\/wp\/v2\/media?parent=45811"}],"wp:term":[{"taxonomy":"product_brand","embeddable":true,"href":"https:\/\/huntermeetshunter.com\/en\/wp-json\/wp\/v2\/product_brand?post=45811"},{"taxonomy":"product_cat","embeddable":true,"href":"https:\/\/huntermeetshunter.com\/en\/wp-json\/wp\/v2\/product_cat?post=45811"},{"taxonomy":"product_tag","embeddable":true,"href":"https:\/\/huntermeetshunter.com\/en\/wp-json\/wp\/v2\/product_tag?post=45811"}],"curies":[{"name":"wp","href":"https:\/\/api.w.org\/{rel}","templated":true}]}}