{"id":45884,"date":"2021-03-05T07:36:23","date_gmt":"2021-03-05T07:36:23","guid":{"rendered":"https:\/\/huntermeetshunter.com\/?post_type=product&#038;p=45884"},"modified":"2021-03-05T07:36:23","modified_gmt":"2021-03-05T07:36:23","slug":"drueckjagd-auf-schwarzwild-reh-und-raubwild","status":"publish","type":"product","link":"https:\/\/huntermeetshunter.com\/en\/produkt\/drueckjagd-auf-schwarzwild-reh-und-raubwild\/","title":{"rendered":"Dr\u00fcckjagd auf Schwarzwild, Reh- und Raubwild"},"content":{"rendered":"<p>Ich biete die Teilnahme an meiner Dr\u00fcckjagd am 11.12.21. Es werden ca. 45 Sch\u00fctzen auf 300ha jagen. Mehrere Hundemeuten und Treiber sind ebenfalls zugegen. Die Strecke in den Vergangenen Jahren lag zwischen 15-20 St\u00fcck Wild. Ich kann garantieren, dass es einen hervorragenden Stand gibt die Treiber und Hunde Top abarbeiten werden, der Erfolgsentscheid liegt jedoch bei Diana. Je nach Anreise Entfernung kann am Vortag noch in einem Nachbarrevier ein Sauenansitz organisiert werden.<br \/>\nMit diesem Tauschangebot geht es prim\u00e4r  um den Austausch und das erschlie\u00dfen neuer Jagdbekanntschaften. Ich selbst jage gerne in den Bergen und w\u00fcrde mich \u00fcber eine entsprechende Einladung freuen.<\/p>\n","protected":false},"excerpt":{"rendered":"<p>Ich biete die Teilnahme an meiner Dr\u00fcckjagd am 11.12.21. Es werden ca. 45 Sch\u00fctzen auf 300ha jagen. Mehrere Hundemeuten und Treiber sind ebenfalls zugegen. Die Strecke in den Vergangenen Jahren lag zwischen 15-20 St\u00fcck Wild. Ich kann garantieren, dass es einen hervorragenden Stand gibt die Treiber und Hunde Top abarbeiten werden, der Erfolgsentscheid liegt jedoch [&hellip;]<\/p>\n","protected":false},"featured_media":51950,"template":"","meta":{"_acf_changed":false,"_themeisle_gutenberg_block_has_review":false},"product_brand":[],"product_cat":[532],"product_tag":[],"class_list":{"0":"post-45884","1":"product","2":"type-product","3":"status-publish","4":"has-post-thumbnail","6":"product_cat-exchange","8":"first","9":"outofstock","10":"taxable","11":"shipping-taxable","12":"product-type-simple"},"acf":[],"_links":{"self":[{"href":"https:\/\/huntermeetshunter.com\/en\/wp-json\/wp\/v2\/product\/45884","targetHints":{"allow":["GET"]}}],"collection":[{"href":"https:\/\/huntermeetshunter.com\/en\/wp-json\/wp\/v2\/product"}],"about":[{"href":"https:\/\/huntermeetshunter.com\/en\/wp-json\/wp\/v2\/types\/product"}],"wp:featuredmedia":[{"embeddable":true,"href":"https:\/\/huntermeetshunter.com\/en\/wp-json\/wp\/v2\/media\/51950"}],"wp:attachment":[{"href":"https:\/\/huntermeetshunter.com\/en\/wp-json\/wp\/v2\/media?parent=45884"}],"wp:term":[{"taxonomy":"product_brand","embeddable":true,"href":"https:\/\/huntermeetshunter.com\/en\/wp-json\/wp\/v2\/product_brand?post=45884"},{"taxonomy":"product_cat","embeddable":true,"href":"https:\/\/huntermeetshunter.com\/en\/wp-json\/wp\/v2\/product_cat?post=45884"},{"taxonomy":"product_tag","embeddable":true,"href":"https:\/\/huntermeetshunter.com\/en\/wp-json\/wp\/v2\/product_tag?post=45884"}],"curies":[{"name":"wp","href":"https:\/\/api.w.org\/{rel}","templated":true}]}}