{"id":45905,"date":"2021-05-03T10:25:54","date_gmt":"2021-05-03T10:25:54","guid":{"rendered":"https:\/\/huntermeetshunter.com\/?post_type=product&#038;p=45905"},"modified":"2021-05-03T10:25:54","modified_gmt":"2021-05-03T10:25:54","slug":"blattjagd-bock","status":"publish","type":"product","link":"https:\/\/huntermeetshunter.com\/en\/produkt\/blattjagd-bock\/","title":{"rendered":"Blattjagd Bock"},"content":{"rendered":"<p>Guten Tag,<br \/>\nich jage mit meinem Vater zusammen in einem einem 480ha gro\u00dfen Revier.<br \/>\nVorkommende Wildarten sind Schwarzwild als Wechselwild(Jahresstrecke ca. 10-15 St\u00fcck), Rehwild, Fuchs, Dachs, Hase.<br \/>\n\u00dcber ein (verl\u00e4ngertes) Wochenende k\u00f6nnte auf B\u00f6cke gejagt werden. Als Tages-\/Zwischenprogramm k\u00f6nnte bei der naheliegenden Landesjagdschule Dornsberg die Zeit auf dem jagdlichen Schrotstand vertrieben werden oder zur Abwechslung eine Morgenjagd aus dem Blind auf Kr\u00e4hen durchgef\u00fchrt werden.<br \/>\nErfolgschance \u00fcber ein Wochenende auf einen passenden Bock zum Erfolg zu kommen ist gut bis sehr gut, aber wie bei der Jagd \u00fcblich nicht garantiert. Hierbei kann das Programm nat\u00fcrlich auch wiederholt werden bis erfolgreich :).<br \/>\nIch pers\u00f6nlich w\u00fcrde einfach gerne in einem ansprechenden (Berg-)Revier die Jagd auf einen Murmel miterleben und im besten Fall zum Schuss kommen.<br \/>\nFalls alles passt w\u00e4re eine langfristige Jagdfreundschaft w\u00fcnschenswert, bei dem die Kameradschaft und der jagdliche Austausch ebenso im Vordergrund steht.<br \/>\n\u00dcber eine R\u00fcckmeldung Ihrerseits w\u00fcrde ich mich freuen<br \/>\nJan Rentschler<\/p>\n","protected":false},"excerpt":{"rendered":"<p>Guten Tag, ich jage mit meinem Vater zusammen in einem einem 480ha gro\u00dfen Revier. Vorkommende Wildarten sind Schwarzwild als Wechselwild(Jahresstrecke ca. 10-15 St\u00fcck), Rehwild, Fuchs, Dachs, Hase. \u00dcber ein (verl\u00e4ngertes) Wochenende k\u00f6nnte auf B\u00f6cke gejagt werden. Als Tages-\/Zwischenprogramm k\u00f6nnte bei der naheliegenden Landesjagdschule Dornsberg die Zeit auf dem jagdlichen Schrotstand vertrieben werden oder zur Abwechslung [&hellip;]<\/p>\n","protected":false},"featured_media":0,"template":"","meta":{"_acf_changed":false,"_themeisle_gutenberg_block_has_review":false},"product_brand":[],"product_cat":[532],"product_tag":[],"class_list":{"0":"post-45905","1":"product","2":"type-product","3":"status-publish","5":"product_cat-exchange","7":"first","8":"outofstock","9":"taxable","10":"shipping-taxable","11":"product-type-simple"},"acf":[],"_links":{"self":[{"href":"https:\/\/huntermeetshunter.com\/en\/wp-json\/wp\/v2\/product\/45905","targetHints":{"allow":["GET"]}}],"collection":[{"href":"https:\/\/huntermeetshunter.com\/en\/wp-json\/wp\/v2\/product"}],"about":[{"href":"https:\/\/huntermeetshunter.com\/en\/wp-json\/wp\/v2\/types\/product"}],"wp:attachment":[{"href":"https:\/\/huntermeetshunter.com\/en\/wp-json\/wp\/v2\/media?parent=45905"}],"wp:term":[{"taxonomy":"product_brand","embeddable":true,"href":"https:\/\/huntermeetshunter.com\/en\/wp-json\/wp\/v2\/product_brand?post=45905"},{"taxonomy":"product_cat","embeddable":true,"href":"https:\/\/huntermeetshunter.com\/en\/wp-json\/wp\/v2\/product_cat?post=45905"},{"taxonomy":"product_tag","embeddable":true,"href":"https:\/\/huntermeetshunter.com\/en\/wp-json\/wp\/v2\/product_tag?post=45905"}],"curies":[{"name":"wp","href":"https:\/\/api.w.org\/{rel}","templated":true}]}}