{"id":45913,"date":"2021-09-17T10:13:12","date_gmt":"2021-09-17T10:13:12","guid":{"rendered":"https:\/\/huntermeetshunter.com\/?post_type=product&#038;p=45913"},"modified":"2021-09-17T10:13:12","modified_gmt":"2021-09-17T10:13:12","slug":"gaensejagd","status":"publish","type":"product","link":"https:\/\/huntermeetshunter.com\/en\/produkt\/gaensejagd\/","title":{"rendered":"G\u00e4nsejagd"},"content":{"rendered":"<p>Guten Tag, Entschuldigung, dass ich Sie anschreibe. Ich habe leider kein Tauschangebot. Ich wollte Sie nur fragen, ob es bei Ihnen m\u00f6glich ist eine G\u00e4nsejagd (gegen Geb\u00fchr) durchzuf\u00fchren? Ich bin 30 Jahre alt und leidenschaftlicher G\u00e4nsej\u00e4ger. Leider habe ich seit ein paar Jahren keine M\u00f6glichkeit mehr auf Federwild zu jagen. \u00dcber eine R\u00fcckmeldung w\u00fcrde ich mich sehr freuen.  Waidmannsheil.<br \/>\nMit freundlichen Gr\u00fc\u00dfen<br \/>\nDima Pak <\/p>\n","protected":false},"excerpt":{"rendered":"<p>Guten Tag, Entschuldigung, dass ich Sie anschreibe. Ich habe leider kein Tauschangebot. Ich wollte Sie nur fragen, ob es bei Ihnen m\u00f6glich ist eine G\u00e4nsejagd (gegen Geb\u00fchr) durchzuf\u00fchren? Ich bin 30 Jahre alt und leidenschaftlicher G\u00e4nsej\u00e4ger. Leider habe ich seit ein paar Jahren keine M\u00f6glichkeit mehr auf Federwild zu jagen. \u00dcber eine R\u00fcckmeldung w\u00fcrde ich [&hellip;]<\/p>\n","protected":false},"featured_media":0,"template":"","meta":{"_acf_changed":false,"_themeisle_gutenberg_block_has_review":false},"product_brand":[],"product_cat":[532],"product_tag":[],"class_list":{"0":"post-45913","1":"product","2":"type-product","3":"status-publish","5":"product_cat-exchange","7":"first","8":"outofstock","9":"taxable","10":"shipping-taxable","11":"product-type-simple"},"acf":[],"_links":{"self":[{"href":"https:\/\/huntermeetshunter.com\/en\/wp-json\/wp\/v2\/product\/45913","targetHints":{"allow":["GET"]}}],"collection":[{"href":"https:\/\/huntermeetshunter.com\/en\/wp-json\/wp\/v2\/product"}],"about":[{"href":"https:\/\/huntermeetshunter.com\/en\/wp-json\/wp\/v2\/types\/product"}],"wp:attachment":[{"href":"https:\/\/huntermeetshunter.com\/en\/wp-json\/wp\/v2\/media?parent=45913"}],"wp:term":[{"taxonomy":"product_brand","embeddable":true,"href":"https:\/\/huntermeetshunter.com\/en\/wp-json\/wp\/v2\/product_brand?post=45913"},{"taxonomy":"product_cat","embeddable":true,"href":"https:\/\/huntermeetshunter.com\/en\/wp-json\/wp\/v2\/product_cat?post=45913"},{"taxonomy":"product_tag","embeddable":true,"href":"https:\/\/huntermeetshunter.com\/en\/wp-json\/wp\/v2\/product_tag?post=45913"}],"curies":[{"name":"wp","href":"https:\/\/api.w.org\/{rel}","templated":true}]}}