{"id":46023,"date":"2022-04-02T20:24:15","date_gmt":"2022-04-02T20:24:15","guid":{"rendered":"https:\/\/huntermeetshunter.com\/?post_type=product&#038;p=46023"},"modified":"2022-04-02T20:24:15","modified_gmt":"2022-04-02T20:24:15","slug":"jagd-in-lech-am-arberg","status":"publish","type":"product","link":"https:\/\/huntermeetshunter.com\/en\/produkt\/jagd-in-lech-am-arberg\/","title":{"rendered":"Jagd in Lech am Arberg"},"content":{"rendered":"<p>F\u00fcr die Jagd im Gebirge sollte man k\u00f6rperlich fit sein. Zum Abschuss steht ein Gams (Gei\u00df oder Bock), Altersklasse nach Absprache 1-3 m\u00f6glich. <\/p>\n","protected":false},"excerpt":{"rendered":"<p>F\u00fcr die Jagd im Gebirge sollte man k\u00f6rperlich fit sein. Zum Abschuss steht ein Gams (Gei\u00df oder Bock), Altersklasse nach Absprache 1-3 m\u00f6glich.<\/p>\n","protected":false},"featured_media":0,"template":"","meta":{"_acf_changed":false,"_themeisle_gutenberg_block_has_review":false},"product_brand":[],"product_cat":[532],"product_tag":[],"class_list":{"0":"post-46023","1":"product","2":"type-product","3":"status-publish","5":"product_cat-exchange","7":"first","8":"outofstock","9":"taxable","10":"shipping-taxable","11":"product-type-simple"},"acf":[],"_links":{"self":[{"href":"https:\/\/huntermeetshunter.com\/en\/wp-json\/wp\/v2\/product\/46023","targetHints":{"allow":["GET"]}}],"collection":[{"href":"https:\/\/huntermeetshunter.com\/en\/wp-json\/wp\/v2\/product"}],"about":[{"href":"https:\/\/huntermeetshunter.com\/en\/wp-json\/wp\/v2\/types\/product"}],"wp:attachment":[{"href":"https:\/\/huntermeetshunter.com\/en\/wp-json\/wp\/v2\/media?parent=46023"}],"wp:term":[{"taxonomy":"product_brand","embeddable":true,"href":"https:\/\/huntermeetshunter.com\/en\/wp-json\/wp\/v2\/product_brand?post=46023"},{"taxonomy":"product_cat","embeddable":true,"href":"https:\/\/huntermeetshunter.com\/en\/wp-json\/wp\/v2\/product_cat?post=46023"},{"taxonomy":"product_tag","embeddable":true,"href":"https:\/\/huntermeetshunter.com\/en\/wp-json\/wp\/v2\/product_tag?post=46023"}],"curies":[{"name":"wp","href":"https:\/\/api.w.org\/{rel}","templated":true}]}}