{"id":48365,"date":"2022-03-20T20:25:41","date_gmt":"2022-03-20T20:25:41","guid":{"rendered":"https:\/\/huntermeetshunter.com\/?post_type=product&#038;p=48365"},"modified":"2025-02-06T13:48:04","modified_gmt":"2025-02-06T13:48:04","slug":"schwarzwildansitz","status":"publish","type":"product","link":"https:\/\/huntermeetshunter.com\/en\/produkt\/schwarzwildansitz\/","title":{"rendered":"Schwarzwildansitz"},"content":{"rendered":"<p>Servus<br \/>\nBiete hier gerne eine Ansitz jagd auf Schwarzwild an. Die Sauen sind bei uns st\u00e4ndiges Wechselwild, jedoch ist etwas Spontanit\u00e4t erforderlich und nicht jeder Ansitz ist zu 100% erfolgreich. Gerne w\u00fcrde ich eine neue langfristige Jagdfreundschaft begr\u00fcnden bevorzugt mit Jagdm\u00f6glichkeit auf Gams-oder Rotwild. <\/p>\n","protected":false},"excerpt":{"rendered":"<p>Servus Biete hier gerne eine Ansitz jagd auf Schwarzwild an. Die Sauen sind bei uns st\u00e4ndiges Wechselwild, jedoch ist etwas Spontanit\u00e4t erforderlich und nicht jeder Ansitz ist zu 100% erfolgreich. Gerne w\u00fcrde ich eine neue langfristige Jagdfreundschaft begr\u00fcnden bevorzugt mit Jagdm\u00f6glichkeit auf Gams-oder Rotwild.<\/p>\n","protected":false},"featured_media":56465,"template":"","meta":{"_acf_changed":false,"_themeisle_gutenberg_block_has_review":false},"product_brand":[],"product_cat":[532],"product_tag":[],"class_list":{"0":"post-48365","1":"product","2":"type-product","3":"status-publish","4":"has-post-thumbnail","6":"product_cat-exchange","8":"first","9":"outofstock","10":"taxable","11":"shipping-taxable","12":"product-type-simple"},"acf":[],"_links":{"self":[{"href":"https:\/\/huntermeetshunter.com\/en\/wp-json\/wp\/v2\/product\/48365","targetHints":{"allow":["GET"]}}],"collection":[{"href":"https:\/\/huntermeetshunter.com\/en\/wp-json\/wp\/v2\/product"}],"about":[{"href":"https:\/\/huntermeetshunter.com\/en\/wp-json\/wp\/v2\/types\/product"}],"wp:featuredmedia":[{"embeddable":true,"href":"https:\/\/huntermeetshunter.com\/en\/wp-json\/wp\/v2\/media\/56465"}],"wp:attachment":[{"href":"https:\/\/huntermeetshunter.com\/en\/wp-json\/wp\/v2\/media?parent=48365"}],"wp:term":[{"taxonomy":"product_brand","embeddable":true,"href":"https:\/\/huntermeetshunter.com\/en\/wp-json\/wp\/v2\/product_brand?post=48365"},{"taxonomy":"product_cat","embeddable":true,"href":"https:\/\/huntermeetshunter.com\/en\/wp-json\/wp\/v2\/product_cat?post=48365"},{"taxonomy":"product_tag","embeddable":true,"href":"https:\/\/huntermeetshunter.com\/en\/wp-json\/wp\/v2\/product_tag?post=48365"}],"curies":[{"name":"wp","href":"https:\/\/api.w.org\/{rel}","templated":true}]}}