{"id":53604,"date":"2023-01-22T15:59:50","date_gmt":"2023-01-22T15:59:50","guid":{"rendered":"https:\/\/huntermeetshunter.com\/?post_type=product&#038;p=53604"},"modified":"2026-02-06T08:32:51","modified_gmt":"2026-02-06T08:32:51","slug":"test-offer","status":"publish","type":"product","link":"https:\/\/huntermeetshunter.com\/en\/produkt\/test-offer\/","title":{"rendered":"Test offer"},"content":{"rendered":"<p>sfesaef<br \/>\na\u00f6wdlj<br \/>\na\u00f6wljd<br \/>\na\u00f6lwjd<br \/>\naljw<br \/>\nd\u00f6jla<br \/>\n\u00f6wljd<br \/>\n\u00f6alwd<\/p>\n","protected":false},"excerpt":{"rendered":"<p>sfesaef a\u00f6wdlj a\u00f6wljd a\u00f6lwjd aljw d\u00f6jla \u00f6wljd \u00f6alwd<\/p>\n","protected":false},"featured_media":53602,"template":"","meta":{"_acf_changed":false,"_themeisle_gutenberg_block_has_review":false},"product_brand":[],"product_cat":[31,533],"product_tag":[],"class_list":{"0":"post-53604","1":"product","2":"type-product","3":"status-publish","4":"has-post-thumbnail","6":"product_cat-verkaufen","7":"product_cat-sell","9":"first","10":"outofstock","11":"taxable","12":"shipping-taxable","13":"purchasable","14":"product-type-simple"},"acf":[],"_links":{"self":[{"href":"https:\/\/huntermeetshunter.com\/en\/wp-json\/wp\/v2\/product\/53604","targetHints":{"allow":["GET"]}}],"collection":[{"href":"https:\/\/huntermeetshunter.com\/en\/wp-json\/wp\/v2\/product"}],"about":[{"href":"https:\/\/huntermeetshunter.com\/en\/wp-json\/wp\/v2\/types\/product"}],"wp:featuredmedia":[{"embeddable":true,"href":"https:\/\/huntermeetshunter.com\/en\/wp-json\/wp\/v2\/media\/53602"}],"wp:attachment":[{"href":"https:\/\/huntermeetshunter.com\/en\/wp-json\/wp\/v2\/media?parent=53604"}],"wp:term":[{"taxonomy":"product_brand","embeddable":true,"href":"https:\/\/huntermeetshunter.com\/en\/wp-json\/wp\/v2\/product_brand?post=53604"},{"taxonomy":"product_cat","embeddable":true,"href":"https:\/\/huntermeetshunter.com\/en\/wp-json\/wp\/v2\/product_cat?post=53604"},{"taxonomy":"product_tag","embeddable":true,"href":"https:\/\/huntermeetshunter.com\/en\/wp-json\/wp\/v2\/product_tag?post=53604"}],"curies":[{"name":"wp","href":"https:\/\/api.w.org\/{rel}","templated":true}]}}