{"id":54942,"date":"2022-08-23T22:45:04","date_gmt":"2022-08-23T22:45:04","guid":{"rendered":"https:\/\/huntermeetshunter.com\/?post_type=product&#038;p=54942"},"modified":"2025-03-03T20:04:32","modified_gmt":"2025-03-03T20:04:32","slug":"murmeltier-3","status":"publish","type":"product","link":"https:\/\/huntermeetshunter.com\/en\/produkt\/murmeltier-3\/","title":{"rendered":"Murmeltier"},"content":{"rendered":"<p>W\u00fcrde f\u00fcrs Jahr 2023 Murmeltier Jagd tauschen &#8211; auch gr\u00f6\u00dfere Gruppe m\u00f6glich 1-10 Personen. Au\u00dfer Schwarzwild und Raubwild einfach alles anbieten. <\/p>\n","protected":false},"excerpt":{"rendered":"<p>W\u00fcrde f\u00fcrs Jahr 2023 Murmeltier Jagd tauschen &#8211; auch gr\u00f6\u00dfere Gruppe m\u00f6glich 1-10 Personen. Au\u00dfer Schwarzwild und Raubwild einfach alles anbieten.<\/p>\n","protected":false},"featured_media":55842,"template":"","meta":{"_acf_changed":false,"_themeisle_gutenberg_block_has_review":false},"product_brand":[],"product_cat":[532,32],"product_tag":[],"class_list":{"0":"post-54942","1":"product","2":"type-product","3":"status-publish","4":"has-post-thumbnail","6":"product_cat-exchange","7":"product_cat-tauschen","9":"first","10":"outofstock","11":"taxable","12":"shipping-taxable","13":"product-type-simple"},"acf":[],"_links":{"self":[{"href":"https:\/\/huntermeetshunter.com\/en\/wp-json\/wp\/v2\/product\/54942","targetHints":{"allow":["GET"]}}],"collection":[{"href":"https:\/\/huntermeetshunter.com\/en\/wp-json\/wp\/v2\/product"}],"about":[{"href":"https:\/\/huntermeetshunter.com\/en\/wp-json\/wp\/v2\/types\/product"}],"wp:featuredmedia":[{"embeddable":true,"href":"https:\/\/huntermeetshunter.com\/en\/wp-json\/wp\/v2\/media\/55842"}],"wp:attachment":[{"href":"https:\/\/huntermeetshunter.com\/en\/wp-json\/wp\/v2\/media?parent=54942"}],"wp:term":[{"taxonomy":"product_brand","embeddable":true,"href":"https:\/\/huntermeetshunter.com\/en\/wp-json\/wp\/v2\/product_brand?post=54942"},{"taxonomy":"product_cat","embeddable":true,"href":"https:\/\/huntermeetshunter.com\/en\/wp-json\/wp\/v2\/product_cat?post=54942"},{"taxonomy":"product_tag","embeddable":true,"href":"https:\/\/huntermeetshunter.com\/en\/wp-json\/wp\/v2\/product_tag?post=54942"}],"curies":[{"name":"wp","href":"https:\/\/api.w.org\/{rel}","templated":true}]}}