{"id":54964,"date":"2022-10-27T18:04:21","date_gmt":"2022-10-27T18:04:21","guid":{"rendered":"https:\/\/huntermeetshunter.com\/?post_type=product&#038;p=54964"},"modified":"2023-04-02T17:48:03","modified_gmt":"2023-04-02T17:48:03","slug":"entenjagd-am-abendstrich","status":"publish","type":"product","link":"https:\/\/huntermeetshunter.com\/en\/produkt\/entenjagd-am-abendstrich\/","title":{"rendered":"Entenjagd am Abendstrich"},"content":{"rendered":"<p>Hallo<br \/>\nBitte hier die Jagdm\u00f6glichkeit am Sonntag den 30.10.22 am Abendstrich auf Enten. Wir jagen in einer kleinen gem\u00fctlichen Runde. Details k\u00f6nnen wir gerne am Telefon besprechen. W\u00fcrd mich freuen wenn sich eine neue Jagdfreundschaft ergibt. <\/p>\n","protected":false},"excerpt":{"rendered":"<p>Hallo Bitte hier die Jagdm\u00f6glichkeit am Sonntag den 30.10.22 am Abendstrich auf Enten. Wir jagen in einer kleinen gem\u00fctlichen Runde. Details k\u00f6nnen wir gerne am Telefon besprechen. W\u00fcrd mich freuen wenn sich eine neue Jagdfreundschaft ergibt.<\/p>\n","protected":false},"featured_media":55995,"template":"","meta":{"_acf_changed":false,"_themeisle_gutenberg_block_has_review":false},"product_brand":[],"product_cat":[532],"product_tag":[],"class_list":{"0":"post-54964","1":"product","2":"type-product","3":"status-publish","4":"has-post-thumbnail","6":"product_cat-exchange","8":"first","9":"outofstock","10":"taxable","11":"shipping-taxable","12":"product-type-simple"},"acf":[],"_links":{"self":[{"href":"https:\/\/huntermeetshunter.com\/en\/wp-json\/wp\/v2\/product\/54964","targetHints":{"allow":["GET"]}}],"collection":[{"href":"https:\/\/huntermeetshunter.com\/en\/wp-json\/wp\/v2\/product"}],"about":[{"href":"https:\/\/huntermeetshunter.com\/en\/wp-json\/wp\/v2\/types\/product"}],"wp:featuredmedia":[{"embeddable":true,"href":"https:\/\/huntermeetshunter.com\/en\/wp-json\/wp\/v2\/media\/55995"}],"wp:attachment":[{"href":"https:\/\/huntermeetshunter.com\/en\/wp-json\/wp\/v2\/media?parent=54964"}],"wp:term":[{"taxonomy":"product_brand","embeddable":true,"href":"https:\/\/huntermeetshunter.com\/en\/wp-json\/wp\/v2\/product_brand?post=54964"},{"taxonomy":"product_cat","embeddable":true,"href":"https:\/\/huntermeetshunter.com\/en\/wp-json\/wp\/v2\/product_cat?post=54964"},{"taxonomy":"product_tag","embeddable":true,"href":"https:\/\/huntermeetshunter.com\/en\/wp-json\/wp\/v2\/product_tag?post=54964"}],"curies":[{"name":"wp","href":"https:\/\/api.w.org\/{rel}","templated":true}]}}