{"id":60995,"date":"2023-06-13T21:37:02","date_gmt":"2023-06-13T21:37:02","guid":{"rendered":"https:\/\/huntermeetshunter.com\/?post_type=product&#038;p=60995"},"modified":"2023-06-13T21:37:04","modified_gmt":"2023-06-13T21:37:04","slug":"i-am-intrested-in-your-groundhog-hunting-offer-we-would-like-to-offer-you-big-number-pheasant-hunting-and-roe-doe-hunt","status":"publish","type":"product","link":"https:\/\/huntermeetshunter.com\/en\/produkt\/i-am-intrested-in-your-groundhog-hunting-offer-we-would-like-to-offer-you-big-number-pheasant-hunting-and-roe-doe-hunt\/","title":{"rendered":"I am intrested in your groundhog hunting offer. We would like to offer you big number pheasant hunting and roe doe hunt."},"content":{"rendered":"<p>Hi! I am intrested in your \u201cmurmel\u201d hunting offer. I would like to write a few words about my offer and if you are intrested, we can talk about the details in email or on facebook. I can send you pictures about previous seasons\u2026etc.  I can offer for example big number pheasant hunt, with dogs.( driven hunt, realesed game) Beside that I can offer roe deer doe management hunt, golden jackel, fox, bedger hunting.<br \/>\nPlease feel free to contact me.<br \/>\norkenyiandras@gmail.com<br \/>\n\u00d6rk\u00e9nyi Andr\u00e1s \/on facebook\/<\/p>\n","protected":false},"excerpt":{"rendered":"<p>Hi! I am intrested in your \u201cmurmel\u201d hunting offer. I would like to write a few words about my offer and if you are intrested, we can talk about the details in email or on facebook. I can send you pictures about previous seasons\u2026etc. I can offer for example big number pheasant hunt, with dogs.( [&hellip;]<\/p>\n","protected":false},"featured_media":60994,"template":"","meta":{"_acf_changed":false,"_themeisle_gutenberg_block_has_review":false},"product_brand":[],"product_cat":[532],"product_tag":[625,145,40],"class_list":{"0":"post-60995","1":"product","2":"type-product","3":"status-publish","4":"has-post-thumbnail","6":"product_cat-exchange","7":"product_tag-rabbit","8":"product_tag-roe-deer","9":"product_tag-tag-1","11":"first","12":"outofstock","13":"taxable","14":"shipping-taxable","15":"product-type-simple"},"acf":[],"_links":{"self":[{"href":"https:\/\/huntermeetshunter.com\/en\/wp-json\/wp\/v2\/product\/60995","targetHints":{"allow":["GET"]}}],"collection":[{"href":"https:\/\/huntermeetshunter.com\/en\/wp-json\/wp\/v2\/product"}],"about":[{"href":"https:\/\/huntermeetshunter.com\/en\/wp-json\/wp\/v2\/types\/product"}],"wp:featuredmedia":[{"embeddable":true,"href":"https:\/\/huntermeetshunter.com\/en\/wp-json\/wp\/v2\/media\/60994"}],"wp:attachment":[{"href":"https:\/\/huntermeetshunter.com\/en\/wp-json\/wp\/v2\/media?parent=60995"}],"wp:term":[{"taxonomy":"product_brand","embeddable":true,"href":"https:\/\/huntermeetshunter.com\/en\/wp-json\/wp\/v2\/product_brand?post=60995"},{"taxonomy":"product_cat","embeddable":true,"href":"https:\/\/huntermeetshunter.com\/en\/wp-json\/wp\/v2\/product_cat?post=60995"},{"taxonomy":"product_tag","embeddable":true,"href":"https:\/\/huntermeetshunter.com\/en\/wp-json\/wp\/v2\/product_tag?post=60995"}],"curies":[{"name":"wp","href":"https:\/\/api.w.org\/{rel}","templated":true}]}}