{"id":64691,"date":"2024-02-20T08:49:28","date_gmt":"2024-02-20T08:49:28","guid":{"rendered":"https:\/\/huntermeetshunter.com\/?post_type=product&#038;p=64691"},"modified":"2026-01-06T22:21:31","modified_gmt":"2026-01-06T22:21:31","slug":"roebuck-hunting-in-hungary-3","status":"publish","type":"product","link":"https:\/\/huntermeetshunter.com\/en\/produkt\/roebuck-hunting-in-hungary-3\/","title":{"rendered":"Roebuck hunting in Hungary"},"content":{"rendered":"<p>The hunting ground is located on the Great Plain, along the K\u00f6r\u00f6s River, in the B\u00e9k\u00e9s region. The hunting ground covers approximately 10,000 hectares, 190 km from Budapest. In Eastern Hungary, roebucks weighing over 500-600 grams are not uncommon. The best roebuck trophy was shot in 2020, weighing 648 grams.<\/p>\n<p>The classic Hungarian roebuck hunt is carried out in large wheat fields using an off-road vehicle. <\/p>\n<p>The roebuck hunting season begins on April 15th.<br \/>\nBased on our many years of experience, we particularly recommend our guests to go roebuck hunting in Eastern Hungary at the beginning of the season, if possible. At this time, the vegetation is not yet too tall, and hunters will have the best chance of catching the desired roebucks.<\/p>\n<p>Roebuck hunting during the rutting season in late July and early August has its own special appeal. Hearing the call of the roebuck can be a great experience not only for the hunter, but also for the accompanying family. Roebuck hunting in the summer can easily be combined with a family vacation.<\/p>\n<p>Hunting season: from 15 April to 30 September<\/p>\n<p>\u2022 10% surcharge on abnormal rams<br \/>\n\u2022 10% discount on the above shooting prices from 1 May for roebucks up to 450g<\/p>\n<p>The weight of the antlers is measured 24 hours after boiling, including the small skull (including the nasal cavity, septum, forehead and nasal bone).<br \/>\nAt the hunter&#39;s request, the antlers can also be weighed and invoiced with a large skull. In this case, the hunter accepts the weight determined by the trophy evaluation committee.<\/p>\n<p>Wounded: 50% of the hunting price of the estimated antler weight<br \/>\nTrophy valuation: Euro 35.-\/trophy<br \/>\nUse of off-road vehicle at a flat rate: 50,- EUR \/ stalking<\/p>\n<p>Cancellation fee:<br \/>\nThe cancellation fee must be paid if participation in the booked hunting trip is cancelled within 30 days before the start of the hunt.<br \/>\nFor individual hunts: 250.00 EUR per hunter<br \/>\nFor group hunts: 250.00 EUR per hunter or 2,000.00 EUR per group<\/p>\n","protected":false},"excerpt":{"rendered":"<p>The hunting ground is located on the Great Plain, along the K\u00f6r\u00f6s River, in the B\u00e9k\u00e9s region. The hunting ground covers approximately 10,000 hectares, 190 km from Budapest. In Eastern Hungary, roebucks weighing over 500-600 grams are not uncommon. The best roebuck trophy was shot in 2020, weighing 648 grams. The classic Hungarian roebuck hunt [&hellip;]<\/p>\n","protected":false},"featured_media":64700,"template":"","meta":{"_acf_changed":false,"_themeisle_gutenberg_block_has_review":false},"product_brand":[],"product_cat":[31],"product_tag":[84,75,673,78],"class_list":{"0":"post-64691","1":"product","2":"type-product","3":"status-publish","4":"has-post-thumbnail","6":"product_cat-verkaufen","7":"product_tag-reh","8":"product_tag-rehbock","9":"product_tag-rehbock-ungarn","10":"product_tag-rehbrunft","12":"first","13":"instock","14":"taxable","15":"shipping-taxable","16":"purchasable","17":"product-type-simple"},"acf":[],"_links":{"self":[{"href":"https:\/\/huntermeetshunter.com\/en\/wp-json\/wp\/v2\/product\/64691","targetHints":{"allow":["GET"]}}],"collection":[{"href":"https:\/\/huntermeetshunter.com\/en\/wp-json\/wp\/v2\/product"}],"about":[{"href":"https:\/\/huntermeetshunter.com\/en\/wp-json\/wp\/v2\/types\/product"}],"wp:featuredmedia":[{"embeddable":true,"href":"https:\/\/huntermeetshunter.com\/en\/wp-json\/wp\/v2\/media\/64700"}],"wp:attachment":[{"href":"https:\/\/huntermeetshunter.com\/en\/wp-json\/wp\/v2\/media?parent=64691"}],"wp:term":[{"taxonomy":"product_brand","embeddable":true,"href":"https:\/\/huntermeetshunter.com\/en\/wp-json\/wp\/v2\/product_brand?post=64691"},{"taxonomy":"product_cat","embeddable":true,"href":"https:\/\/huntermeetshunter.com\/en\/wp-json\/wp\/v2\/product_cat?post=64691"},{"taxonomy":"product_tag","embeddable":true,"href":"https:\/\/huntermeetshunter.com\/en\/wp-json\/wp\/v2\/product_tag?post=64691"}],"curies":[{"name":"wp","href":"https:\/\/api.w.org\/{rel}","templated":true}]}}