{"id":79547,"date":"2025-04-14T12:57:57","date_gmt":"2025-04-14T12:57:57","guid":{"rendered":"https:\/\/huntermeetshunter.com\/?post_type=product&#038;p=79547"},"modified":"2026-03-15T07:25:23","modified_gmt":"2026-03-15T07:25:23","slug":"roe-deer-hunting-in-bekes","status":"publish","type":"product","link":"https:\/\/huntermeetshunter.com\/en\/produkt\/roe-deer-hunting-in-bekes\/","title":{"rendered":"Roe deer hunting in B\u00e9k\u00e9s"},"content":{"rendered":"<p>Roe deer hunting in B\u00e9k\u00e9s, Hungary \u2013 Strong field hunting area with abnormal trophies<\/p>\n<p>The approximately 100,000-hectare hunting area in B\u00e9k\u00e9s, located about 190 km east of Budapest, is among the best open-field hunting areas in Hungary. Only about 10% is forested \u2013 the rest consists of expansive fields and agricultural land. This open cultural landscape offers ideal conditions for roe deer and is known for its high population of exceptional and trophy-sized bucks.<\/p>\n<p>Included in the daily rate: Accommodation including 2x guided game drives per day (morning and evening)<\/p>\n<p>Services not included (will be billed separately):<br \/>\nShooting fees according to price list<br \/>\nHungarian monthly hunting license<br \/>\nOrganization fee<br \/>\nDrinks and food<br \/>\nTip for professional hunters<br \/>\nState trophy evaluation<br \/>\nTrophy preparation &amp; shipping<br \/>\nAirport transfer<\/p>\n","protected":false},"excerpt":{"rendered":"<p>Roe deer hunting in B\u00e9k\u00e9s, Hungary \u2013 Strong field hunting area with abnormal trophies The approximately 100,000-hectare hunting area in B\u00e9k\u00e9s, located about 190 km east of Budapest, is among the best open-field hunting areas in Hungary. Only about 10% is forested \u2013 the rest consists of expansive fields and agricultural land. This open cultural [&hellip;]<\/p>\n","protected":false},"featured_media":79545,"template":"","meta":{"_acf_changed":false,"_themeisle_gutenberg_block_has_review":false},"product_brand":[],"product_cat":[31,533],"product_tag":[],"class_list":{"0":"post-79547","1":"product","2":"type-product","3":"status-publish","4":"has-post-thumbnail","6":"product_cat-verkaufen","7":"product_cat-sell","9":"first","10":"instock","11":"taxable","12":"shipping-taxable","13":"purchasable","14":"product-type-simple"},"acf":[],"_links":{"self":[{"href":"https:\/\/huntermeetshunter.com\/en\/wp-json\/wp\/v2\/product\/79547","targetHints":{"allow":["GET"]}}],"collection":[{"href":"https:\/\/huntermeetshunter.com\/en\/wp-json\/wp\/v2\/product"}],"about":[{"href":"https:\/\/huntermeetshunter.com\/en\/wp-json\/wp\/v2\/types\/product"}],"wp:featuredmedia":[{"embeddable":true,"href":"https:\/\/huntermeetshunter.com\/en\/wp-json\/wp\/v2\/media\/79545"}],"wp:attachment":[{"href":"https:\/\/huntermeetshunter.com\/en\/wp-json\/wp\/v2\/media?parent=79547"}],"wp:term":[{"taxonomy":"product_brand","embeddable":true,"href":"https:\/\/huntermeetshunter.com\/en\/wp-json\/wp\/v2\/product_brand?post=79547"},{"taxonomy":"product_cat","embeddable":true,"href":"https:\/\/huntermeetshunter.com\/en\/wp-json\/wp\/v2\/product_cat?post=79547"},{"taxonomy":"product_tag","embeddable":true,"href":"https:\/\/huntermeetshunter.com\/en\/wp-json\/wp\/v2\/product_tag?post=79547"}],"curies":[{"name":"wp","href":"https:\/\/api.w.org\/{rel}","templated":true}]}}