{"id":81521,"date":"2025-07-24T11:52:11","date_gmt":"2025-07-24T11:52:11","guid":{"rendered":"https:\/\/huntermeetshunter.com\/?post_type=product&#038;p=81521"},"modified":"2025-07-24T11:52:11","modified_gmt":"2025-07-24T11:52:11","slug":"wild-duck-hunting-in-the-czech-republic","status":"publish","type":"product","link":"https:\/\/huntermeetshunter.com\/en\/produkt\/wild-duck-hunting-in-the-czech-republic\/","title":{"rendered":"WILD DUCK HUNTING IN THE CZECH REPUBLIC"},"content":{"rendered":"<p>In particular, wild duck hunting is part of the traditional hunting in<br \/>\nthe Czech Republic. Every year we hunt on our<br \/>\nPonds with a population of approximately 10,000 ducks.<br \/>\nBy agreement we organize the hunt for groups of 20<br \/>\nup to 30 hunters with a minimum expected bag of mindedtens<br \/>\n500 pieces. We can also arrange hunts for<br \/>\nOrganize individuals.<br \/>\nNumber of hunting days: 2 days<br \/>\nNumber of hunters: 15 \u2013 30 hunters<br \/>\nWhere:<br \/>\nOur hunts are carried out on our own ponds in<br \/>\nwestern part of the Czech Republic near Hora\u017e\u010fovice in the<br \/>\nNear the village of Nal\u017eovsk\u00e9 hory, where on 10<br \/>\nWater areas with a total area of approximately 70 hectares are hunted<br \/>\nThe hunt is 40 km from Pilsen near Nepomuk, 50 km from the<br \/>\nborder with Germany and 135 km from the international airport<br \/>\nPrague away.<br \/>\nHunting procedure:<br \/>\nThe hunt begins in the morning at the hunting ground, where you will<br \/>\nEmployees of PROLOV sro will receive you. Before the start of the<br \/>\nDuring the hunt, hot and cold drinks are served and the last<br \/>\nadministrative formalities (registration of the hunter, hunting licenses,<br \/>\nFirearms, insurance).<br \/>\nThe hunt begins with the traditional blowing of the trumpet, during which the hunter<br \/>\nwill be informed again about the course of the hunting day and<br \/>\na hunting escort is assigned. The hunting escort informs<br \/>\nYou after each drive about your hunting success and is available to you<br \/>\navailable throughout the entire hunting day.<br \/>\nAfter the morning blowing begins<br \/>\nthe hunt. Usually, about 2-3 ponds are hunted by midday.<br \/>\nThen lunch will be served in the restaurant near the<br \/>\nhunting area (lunch, soft drinks, cold and<br \/>\nwarm drinks included in the price). In the afternoon you will hunt<br \/>\nanother 2-3 ponds, depending on the success of the hunt.<br \/>\nAt the end of the hunting day everyone meets together on the<br \/>\nStarting place where the track is laid, which is traditionally blown<br \/>\nand the hunting day ends with a shared meal.<br \/>\nHunting program:<br \/>\n08:00 Meeting<br \/>\n09:30 Start of the hunt<br \/>\n09.00 2-3 ponds<br \/>\n12:00 Refreshments (Lunch)<br \/>\n13:00 2-3 ponds<br \/>\n16:30 End of the hunt<br \/>\n(The times given are guidelines)<br \/>\nHunting method:<br \/>\nDuck hunting is carried out in various ways:<br \/>\n1) On the shores of ponds and islands &#8211; the enriched<br \/>\nWater area at designated locations in the reeds, on dikes,<br \/>\nshores and islands.<br \/>\n2) From the footbridge &#8211; built footbridges on the shallows of the<br \/>\npond.<br \/>\n3) Pontoons &#8211; fixed floating island. This is the most popular type of<br \/>\nHunting where the hunter has the most shooting opportunities and in<br \/>\nThe focus of the hunt is.<br \/>\n4) From ships &#8211; the hunter moves around the pond and<br \/>\ncan thus determine a suitable hunting ground.<br \/>\nRecommended weapon:<br \/>\nShotgun caliber 12\/70, also caliber 16\/70 &#8211; 20\/76. Lead shot<br \/>\n3mm &#8211; 4mm. During hunting we recommend you to use 200-300<br \/>\nCartridges per day \/ person. By arrangement, the<br \/>\nCartridges can also be purchased from us. We can exchange weapons for<br \/>\nborrow a fee.<br \/>\nRecommended hunting clothing:<br \/>\nStrong footwear in damp and wet environments (boots,<br \/>\nWading boots) Waterproof hunting clothing or rainwear. Other<br \/>\nHunting accessories (bag, hat, goggles, reflective accessories, etc.)<br \/>\nLocation:<br \/>\nOur ponds are located 450 meters above sea level.<br \/>\nhunted on 10 ponds of different sizes and shapes.<br \/>\nClimate:<br \/>\nTemperature in September: +10\u00b0C &#8211; +25 \u00b0C<br \/>\nHumidity: 40% &#8211; 50%<br \/>\nRecommended accommodation:<br \/>\n&quot;Dv\u016fr Krut\u011bnice&quot;, near our ponds, offers a wide<br \/>\nRange of services with perfect service. The complex<br \/>\nis located in a quiet and beautiful part of Bohemia, about<br \/>\n20 km from Klatovy, 15 km from Su\u0161ice and 20 km from Hora\u017e\u010fovice<br \/>\naway. The adjacent courtyard has been renovated and has significant<br \/>\nChanges and extensions of the services up to the present<br \/>\nForm of the hotel complex with the most modern riding hall and a<br \/>\nwide range of outdoor activities. For our guests<br \/>\nwe have prepared 18 individually furnished rooms and suites,<br \/>\nwhich are as unique as the hotel itself. Guests can<br \/>\nbetween 2, 3, 4, 5 and 6 bedrooms in HOTEL ** and PENZION *<br \/>\nSome guests will choose the luxurious apartments<br \/>\nappreciate. Pets are welcome here.<br \/>\nOn request, other accommodation can be provided<br \/>\nBe provided.<br \/>\nHunting conditions:<br \/>\nThe hunter must be the holder of a valid firearms license, a<br \/>\nHunting license and hunting insurance in the Czech<br \/>\nRepublic. If interested, we can provide foreign guests with<br \/>\nthe issuance of a Czech hunting license and a hunting license<br \/>\nInsurance valid in the Czech Republic.<\/p>\n","protected":false},"excerpt":{"rendered":"<p>In particular, wild duck hunting is part of the traditional hunting in the Czech Republic. Every year we hunt on our Ponds with a population of approximately 10,000 ducks. By agreement we organize the hunt for groups of 20 up to 30 hunters with a minimum expected bag of mindedtens 500 pieces. We can also [&hellip;]<\/p>\n","protected":false},"featured_media":0,"template":"","meta":{"_acf_changed":false,"_themeisle_gutenberg_block_has_review":false},"product_brand":[],"product_cat":[31,533],"product_tag":[],"class_list":{"0":"post-81521","1":"product","2":"type-product","3":"status-publish","5":"product_cat-verkaufen","6":"product_cat-sell","8":"first","9":"outofstock","10":"taxable","11":"shipping-taxable","12":"purchasable","13":"product-type-simple"},"acf":[],"_links":{"self":[{"href":"https:\/\/huntermeetshunter.com\/en\/wp-json\/wp\/v2\/product\/81521","targetHints":{"allow":["GET"]}}],"collection":[{"href":"https:\/\/huntermeetshunter.com\/en\/wp-json\/wp\/v2\/product"}],"about":[{"href":"https:\/\/huntermeetshunter.com\/en\/wp-json\/wp\/v2\/types\/product"}],"wp:attachment":[{"href":"https:\/\/huntermeetshunter.com\/en\/wp-json\/wp\/v2\/media?parent=81521"}],"wp:term":[{"taxonomy":"product_brand","embeddable":true,"href":"https:\/\/huntermeetshunter.com\/en\/wp-json\/wp\/v2\/product_brand?post=81521"},{"taxonomy":"product_cat","embeddable":true,"href":"https:\/\/huntermeetshunter.com\/en\/wp-json\/wp\/v2\/product_cat?post=81521"},{"taxonomy":"product_tag","embeddable":true,"href":"https:\/\/huntermeetshunter.com\/en\/wp-json\/wp\/v2\/product_tag?post=81521"}],"curies":[{"name":"wp","href":"https:\/\/api.w.org\/{rel}","templated":true}]}}